{"id":698,"date":"2025-01-31T15:30:15","date_gmt":"2025-01-31T15:30:15","guid":{"rendered":"https:\/\/dev.kinequip.ca\/?post_type=product&#038;p=698"},"modified":"2025-01-31T15:30:16","modified_gmt":"2025-01-31T15:30:16","slug":"rack-de-rangement-des-accessoires-de-la-serie-signature","status":"publish","type":"product","link":"https:\/\/kinequip.ca\/?product=rack-de-rangement-des-accessoires-de-la-serie-signature","title":{"rendered":"Rack de rangement des accessoires de la S\u00e9rie Signature"},"content":{"rendered":"<div class=\"tab-content product-highlights highlight-text-black\">\n<div class=\"product-highlights tab-content__wrapper tabs-content-processed\">\n<div class=\"paragraphs-items paragraphs-items-field-product-highlights paragraphs-items-field-product-highlights-full paragraphs-items-full\">\n<div class=\"entity entity-paragraphs-item paragraphs-item-cta paragraph-type cta right horizontal col--full no-min-height image-mode-scale image-align-h-center image-align-v-top bigger-content\">\n<div class=\"cta-inner-wrapper\">\n<div class=\"center-text\">\n<div class=\"content-container with-image\">\n<div class=\"field field-name-field-cta-body field-type-text-with-summary field-label-hidden\">\n<div class=\"field-items\">\n<div class=\"field-item even\">\n<div><strong>Organisation<\/strong><\/div>\n<div>Menez vos cours et vos programmes d&rsquo;entra\u00eenement de mani\u00e8re harmonieuse et organis\u00e9e, avec tous vos accessoires \u00e0 proximit\u00e9 ou bien rang\u00e9s \u00e0 l&rsquo;\u00e9cart pour laisser plus d&rsquo;espace.<\/div>\n<div><\/div>\n<div><strong>Espace<\/strong><\/div>\n<div>Les racks de rangement des accessoires de la s\u00e9rie Signature sont adapt\u00e9s \u00e0 tout type d&rsquo;espace. Des petits espaces fitness d&rsquo;h\u00f4tels aux grands clubs enti\u00e8rement fonctionnels, ces racks vous feront \u00e9conomiser de l&rsquo;espace et du temps.<\/div>\n<div><\/div>\n<div><strong>Polyvalence<\/strong><\/div>\n<div>Le rack de rangement des accessoires de la s\u00e9rie Signature accueille une vari\u00e9t\u00e9 d&rsquo;accessoires d&rsquo;entra\u00eenement, tels que les ballons Bosu, les poids Beauty bells, les kettlebells, les ballons de gym, les sandbells, les ballons d&rsquo;exercices, les rouleaux en mousse, les bandes de r\u00e9sistance et plus encore.<\/div>\n<\/div>\n<\/div>\n<\/div>\n<\/div>\n<\/div>\n<\/div>\n<\/div>\n<\/div>\n<\/div>\n<\/div>\n<div class=\"section-container product-features\"><\/div>\n<div class=\"tabs--container tabs__wrapper product-details\">\n<ul class=\"tabs tabs--menu product-detail-tabs\">\n<li id=\"f3453ce44685398a83b7fe3902d2b90c-tab\" class=\"detail-tab active\"><span class=\"tab-link\"><a class=\"f3453ce44685398a83b7fe3902d2b90c tab-link--text\" href=\"https:\/\/lifefitnessemea.com\/fr\/facility\/products\/benches-racks\/signature-accessories-rack#f3453ce44685398a83b7fe3902d2b90c\">CARACT\u00c9RISTIQUES<\/a><\/span><\/li>\n<\/ul>\n<\/div>\n","protected":false},"excerpt":{"rendered":"<p>Organisation Menez vos cours et vos programmes d&rsquo;entra\u00eenement de mani\u00e8re harmonieuse et organis\u00e9e, avec tous vos accessoires \u00e0 proximit\u00e9 ou bien rang\u00e9s \u00e0 l&rsquo;\u00e9cart pour laisser plus d&rsquo;espace. Espace Les racks de rangement des accessoires de la s\u00e9rie Signature sont adapt\u00e9s \u00e0 tout type d&rsquo;espace. Des petits espaces fitness d&rsquo;h\u00f4tels aux grands clubs enti\u00e8rement fonctionnels, [&hellip;]<\/p>\n","protected":false},"featured_media":705,"comment_status":"open","ping_status":"closed","template":"","meta":[],"product_brand":[],"product_cat":[48,34,56],"product_tag":[],"class_list":{"0":"post-698","1":"product","2":"type-product","3":"status-publish","4":"has-post-thumbnail","6":"product_cat-bancs-support","7":"product_cat-equipements-pour-professionnel","8":"product_cat-signature","10":"first","11":"instock","12":"shipping-taxable","13":"purchasable","14":"product-type-simple"},"_links":{"self":[{"href":"https:\/\/kinequip.ca\/index.php?rest_route=\/wp\/v2\/product\/698","targetHints":{"allow":["GET"]}}],"collection":[{"href":"https:\/\/kinequip.ca\/index.php?rest_route=\/wp\/v2\/product"}],"about":[{"href":"https:\/\/kinequip.ca\/index.php?rest_route=\/wp\/v2\/types\/product"}],"replies":[{"embeddable":true,"href":"https:\/\/kinequip.ca\/index.php?rest_route=%2Fwp%2Fv2%2Fcomments&post=698"}],"wp:featuredmedia":[{"embeddable":true,"href":"https:\/\/kinequip.ca\/index.php?rest_route=\/wp\/v2\/media\/705"}],"wp:attachment":[{"href":"https:\/\/kinequip.ca\/index.php?rest_route=%2Fwp%2Fv2%2Fmedia&parent=698"}],"wp:term":[{"taxonomy":"product_brand","embeddable":true,"href":"https:\/\/kinequip.ca\/index.php?rest_route=%2Fwp%2Fv2%2Fproduct_brand&post=698"},{"taxonomy":"product_cat","embeddable":true,"href":"https:\/\/kinequip.ca\/index.php?rest_route=%2Fwp%2Fv2%2Fproduct_cat&post=698"},{"taxonomy":"product_tag","embeddable":true,"href":"https:\/\/kinequip.ca\/index.php?rest_route=%2Fwp%2Fv2%2Fproduct_tag&post=698"}],"curies":[{"name":"wp","href":"https:\/\/api.w.org\/{rel}","templated":true}]}}