{"id":697,"date":"2025-01-31T15:30:14","date_gmt":"2025-01-31T15:30:14","guid":{"rendered":"https:\/\/dev.kinequip.ca\/?post_type=product&#038;p=697"},"modified":"2025-01-31T15:30:16","modified_gmt":"2025-01-31T15:30:16","slug":"handle-rack-serie-signature","status":"publish","type":"product","link":"https:\/\/kinequip.ca\/?product=handle-rack-serie-signature","title":{"rendered":"Handle Rack S\u00e9rie Signature"},"content":{"rendered":"<p>Le Handle Rack S\u00e9rie Signature offre six crochets pour accueillir les accessoires, trois supports \u00e0 barre pour ranger les petites halt\u00e8res et un plateau \u00e0 accessoires pour les autres \u00e9l\u00e9ments. Sa structure est \u00e9galement prot\u00e9g\u00e9e des \u00e9caillures et rayures gr\u00e2ce \u00e0 de l&rsquo;ur\u00e9thane moul\u00e9. Les bancs et racks haut de gamme S\u00e9rie Signature s&rsquo;int\u00e8grent facilement \u00e0 d&rsquo;autres machines de la ligne, pour compl\u00e9ter une famille de produits de musculation de haute qualit\u00e9.<\/p>\n","protected":false},"excerpt":{"rendered":"<p>Le Handle Rack S\u00e9rie Signature offre six crochets pour accueillir les accessoires, trois supports \u00e0 barre pour ranger les petites halt\u00e8res et un plateau \u00e0 accessoires pour les autres \u00e9l\u00e9ments. Sa structure est \u00e9galement prot\u00e9g\u00e9e des \u00e9caillures et rayures gr\u00e2ce \u00e0 de l&rsquo;ur\u00e9thane moul\u00e9. Les bancs et racks haut de gamme S\u00e9rie Signature s&rsquo;int\u00e8grent facilement [&hellip;]<\/p>\n","protected":false},"featured_media":704,"comment_status":"open","ping_status":"closed","template":"","meta":[],"product_brand":[],"product_cat":[48,34,56],"product_tag":[],"class_list":{"0":"post-697","1":"product","2":"type-product","3":"status-publish","4":"has-post-thumbnail","6":"product_cat-bancs-support","7":"product_cat-equipements-pour-professionnel","8":"product_cat-signature","10":"first","11":"instock","12":"shipping-taxable","13":"purchasable","14":"product-type-simple"},"_links":{"self":[{"href":"https:\/\/kinequip.ca\/index.php?rest_route=\/wp\/v2\/product\/697","targetHints":{"allow":["GET"]}}],"collection":[{"href":"https:\/\/kinequip.ca\/index.php?rest_route=\/wp\/v2\/product"}],"about":[{"href":"https:\/\/kinequip.ca\/index.php?rest_route=\/wp\/v2\/types\/product"}],"replies":[{"embeddable":true,"href":"https:\/\/kinequip.ca\/index.php?rest_route=%2Fwp%2Fv2%2Fcomments&post=697"}],"wp:featuredmedia":[{"embeddable":true,"href":"https:\/\/kinequip.ca\/index.php?rest_route=\/wp\/v2\/media\/704"}],"wp:attachment":[{"href":"https:\/\/kinequip.ca\/index.php?rest_route=%2Fwp%2Fv2%2Fmedia&parent=697"}],"wp:term":[{"taxonomy":"product_brand","embeddable":true,"href":"https:\/\/kinequip.ca\/index.php?rest_route=%2Fwp%2Fv2%2Fproduct_brand&post=697"},{"taxonomy":"product_cat","embeddable":true,"href":"https:\/\/kinequip.ca\/index.php?rest_route=%2Fwp%2Fv2%2Fproduct_cat&post=697"},{"taxonomy":"product_tag","embeddable":true,"href":"https:\/\/kinequip.ca\/index.php?rest_route=%2Fwp%2Fv2%2Fproduct_tag&post=697"}],"curies":[{"name":"wp","href":"https:\/\/api.w.org\/{rel}","templated":true}]}}