{"id":666,"date":"2025-01-31T15:30:03","date_gmt":"2025-01-31T15:30:03","guid":{"rendered":"https:\/\/dev.kinequip.ca\/?post_type=product&#038;p=666"},"modified":"2025-01-31T15:30:13","modified_gmt":"2025-01-31T15:30:13","slug":"olympic-weight-tree-serie-signature","status":"publish","type":"product","link":"https:\/\/kinequip.ca\/?product=olympic-weight-tree-serie-signature","title":{"rendered":"Olympic Weight Tree S\u00e9rie Signature"},"content":{"rendered":"<p>L&rsquo;Olympic Weight Tree S\u00e9rie Signature fait appel \u00e0 six supports de poids pour faciliter le stockage. Il poss\u00e8de \u00e9galement des \u00e9tiquettes pour permettre le placement correct des poids. Les bancs et racks haut de gamme S\u00e9rie Signature s&rsquo;int\u00e8grent facilement \u00e0 d&rsquo;autres machines de la ligne, pour compl\u00e9ter une famille de produits de musculation de haute qualit\u00e9.<\/p>\n","protected":false},"excerpt":{"rendered":"<p>L&rsquo;Olympic Weight Tree S\u00e9rie Signature fait appel \u00e0 six supports de poids pour faciliter le stockage. Il poss\u00e8de \u00e9galement des \u00e9tiquettes pour permettre le placement correct des poids. Les bancs et racks haut de gamme S\u00e9rie Signature s&rsquo;int\u00e8grent facilement \u00e0 d&rsquo;autres machines de la ligne, pour compl\u00e9ter une famille de produits de musculation de haute [&hellip;]<\/p>\n","protected":false},"featured_media":694,"comment_status":"open","ping_status":"closed","template":"","meta":[],"product_brand":[],"product_cat":[48,34,56],"product_tag":[],"class_list":{"0":"post-666","1":"product","2":"type-product","3":"status-publish","4":"has-post-thumbnail","6":"product_cat-bancs-support","7":"product_cat-equipements-pour-professionnel","8":"product_cat-signature","10":"first","11":"instock","12":"shipping-taxable","13":"purchasable","14":"product-type-simple"},"_links":{"self":[{"href":"https:\/\/kinequip.ca\/index.php?rest_route=\/wp\/v2\/product\/666","targetHints":{"allow":["GET"]}}],"collection":[{"href":"https:\/\/kinequip.ca\/index.php?rest_route=\/wp\/v2\/product"}],"about":[{"href":"https:\/\/kinequip.ca\/index.php?rest_route=\/wp\/v2\/types\/product"}],"replies":[{"embeddable":true,"href":"https:\/\/kinequip.ca\/index.php?rest_route=%2Fwp%2Fv2%2Fcomments&post=666"}],"wp:featuredmedia":[{"embeddable":true,"href":"https:\/\/kinequip.ca\/index.php?rest_route=\/wp\/v2\/media\/694"}],"wp:attachment":[{"href":"https:\/\/kinequip.ca\/index.php?rest_route=%2Fwp%2Fv2%2Fmedia&parent=666"}],"wp:term":[{"taxonomy":"product_brand","embeddable":true,"href":"https:\/\/kinequip.ca\/index.php?rest_route=%2Fwp%2Fv2%2Fproduct_brand&post=666"},{"taxonomy":"product_cat","embeddable":true,"href":"https:\/\/kinequip.ca\/index.php?rest_route=%2Fwp%2Fv2%2Fproduct_cat&post=666"},{"taxonomy":"product_tag","embeddable":true,"href":"https:\/\/kinequip.ca\/index.php?rest_route=%2Fwp%2Fv2%2Fproduct_tag&post=666"}],"curies":[{"name":"wp","href":"https:\/\/api.w.org\/{rel}","templated":true}]}}