{"id":658,"date":"2025-01-31T15:30:03","date_gmt":"2025-01-31T15:30:03","guid":{"rendered":"https:\/\/dev.kinequip.ca\/?post_type=product&#038;p=658"},"modified":"2025-01-31T15:30:11","modified_gmt":"2025-01-31T15:30:11","slug":"flat-bench-serie-signature","status":"publish","type":"product","link":"https:\/\/kinequip.ca\/?product=flat-bench-serie-signature","title":{"rendered":"Flat Bench S\u00e9rie Signature"},"content":{"rendered":"<p>Le Flat Bench S\u00e9rie Signature poss\u00e8de une patte verticale \u00e0 l&rsquo;avant pour r\u00e9duire les tr\u00e9buchements. Sa conception haut de gamme comprend d&rsquo;\u00e9l\u00e9gants tubes ovales et coussins au contour ergonomique qui utilisent une mousse pr\u00e9form\u00e9e pour son confort et sa durabilit\u00e9. Les bancs et racks haut de gamme S\u00e9rie Signature s&rsquo;int\u00e8grent facilement \u00e0 d&rsquo;autres machines de la ligne, pour compl\u00e9ter une famille de produits de musculation de haute qualit\u00e9.<\/p>\n","protected":false},"excerpt":{"rendered":"<p>Le Flat Bench S\u00e9rie Signature poss\u00e8de une patte verticale \u00e0 l&rsquo;avant pour r\u00e9duire les tr\u00e9buchements. Sa conception haut de gamme comprend d&rsquo;\u00e9l\u00e9gants tubes ovales et coussins au contour ergonomique qui utilisent une mousse pr\u00e9form\u00e9e pour son confort et sa durabilit\u00e9. Les bancs et racks haut de gamme S\u00e9rie Signature s&rsquo;int\u00e8grent facilement \u00e0 d&rsquo;autres machines de [&hellip;]<\/p>\n","protected":false},"featured_media":688,"comment_status":"open","ping_status":"closed","template":"","meta":[],"product_brand":[],"product_cat":[48,34,56],"product_tag":[],"class_list":{"0":"post-658","1":"product","2":"type-product","3":"status-publish","4":"has-post-thumbnail","6":"product_cat-bancs-support","7":"product_cat-equipements-pour-professionnel","8":"product_cat-signature","10":"first","11":"instock","12":"shipping-taxable","13":"purchasable","14":"product-type-simple"},"_links":{"self":[{"href":"https:\/\/kinequip.ca\/index.php?rest_route=\/wp\/v2\/product\/658","targetHints":{"allow":["GET"]}}],"collection":[{"href":"https:\/\/kinequip.ca\/index.php?rest_route=\/wp\/v2\/product"}],"about":[{"href":"https:\/\/kinequip.ca\/index.php?rest_route=\/wp\/v2\/types\/product"}],"replies":[{"embeddable":true,"href":"https:\/\/kinequip.ca\/index.php?rest_route=%2Fwp%2Fv2%2Fcomments&post=658"}],"wp:featuredmedia":[{"embeddable":true,"href":"https:\/\/kinequip.ca\/index.php?rest_route=\/wp\/v2\/media\/688"}],"wp:attachment":[{"href":"https:\/\/kinequip.ca\/index.php?rest_route=%2Fwp%2Fv2%2Fmedia&parent=658"}],"wp:term":[{"taxonomy":"product_brand","embeddable":true,"href":"https:\/\/kinequip.ca\/index.php?rest_route=%2Fwp%2Fv2%2Fproduct_brand&post=658"},{"taxonomy":"product_cat","embeddable":true,"href":"https:\/\/kinequip.ca\/index.php?rest_route=%2Fwp%2Fv2%2Fproduct_cat&post=658"},{"taxonomy":"product_tag","embeddable":true,"href":"https:\/\/kinequip.ca\/index.php?rest_route=%2Fwp%2Fv2%2Fproduct_tag&post=658"}],"curies":[{"name":"wp","href":"https:\/\/api.w.org\/{rel}","templated":true}]}}