{"id":657,"date":"2025-01-31T15:30:03","date_gmt":"2025-01-31T15:30:03","guid":{"rendered":"https:\/\/dev.kinequip.ca\/?post_type=product&#038;p=657"},"modified":"2025-01-31T15:30:10","modified_gmt":"2025-01-31T15:30:10","slug":"olympic-squat-rack-serie-signature","status":"publish","type":"product","link":"https:\/\/kinequip.ca\/?product=olympic-squat-rack-serie-signature","title":{"rendered":"Olympic Squat Rack S\u00e9rie Signature"},"content":{"rendered":"<p>L&rsquo;Olympic Squat Rack S\u00e9rie Signature est dot\u00e9 de cinq positions de racks et de huit supports de poids. Le syst\u00e8me de rack protecteur en ur\u00e9thane moul\u00e9 prot\u00e8ge la barre de l&rsquo;usure et r\u00e9duit le bruit. Les bancs et racks haut de gamme S\u00e9rie Signature s&rsquo;int\u00e8grent facilement \u00e0 d&rsquo;autres machines de la ligne, pour compl\u00e9ter une famille de produits de musculation de haute qualit\u00e9.<\/p>\n","protected":false},"excerpt":{"rendered":"<p>L&rsquo;Olympic Squat Rack S\u00e9rie Signature est dot\u00e9 de cinq positions de racks et de huit supports de poids. Le syst\u00e8me de rack protecteur en ur\u00e9thane moul\u00e9 prot\u00e8ge la barre de l&rsquo;usure et r\u00e9duit le bruit. Les bancs et racks haut de gamme S\u00e9rie Signature s&rsquo;int\u00e8grent facilement \u00e0 d&rsquo;autres machines de la ligne, pour compl\u00e9ter une [&hellip;]<\/p>\n","protected":false},"featured_media":687,"comment_status":"open","ping_status":"closed","template":"","meta":[],"product_brand":[],"product_cat":[48,34,56],"product_tag":[],"class_list":{"0":"post-657","1":"product","2":"type-product","3":"status-publish","4":"has-post-thumbnail","6":"product_cat-bancs-support","7":"product_cat-equipements-pour-professionnel","8":"product_cat-signature","10":"first","11":"instock","12":"shipping-taxable","13":"purchasable","14":"product-type-simple"},"_links":{"self":[{"href":"https:\/\/kinequip.ca\/index.php?rest_route=\/wp\/v2\/product\/657","targetHints":{"allow":["GET"]}}],"collection":[{"href":"https:\/\/kinequip.ca\/index.php?rest_route=\/wp\/v2\/product"}],"about":[{"href":"https:\/\/kinequip.ca\/index.php?rest_route=\/wp\/v2\/types\/product"}],"replies":[{"embeddable":true,"href":"https:\/\/kinequip.ca\/index.php?rest_route=%2Fwp%2Fv2%2Fcomments&post=657"}],"wp:featuredmedia":[{"embeddable":true,"href":"https:\/\/kinequip.ca\/index.php?rest_route=\/wp\/v2\/media\/687"}],"wp:attachment":[{"href":"https:\/\/kinequip.ca\/index.php?rest_route=%2Fwp%2Fv2%2Fmedia&parent=657"}],"wp:term":[{"taxonomy":"product_brand","embeddable":true,"href":"https:\/\/kinequip.ca\/index.php?rest_route=%2Fwp%2Fv2%2Fproduct_brand&post=657"},{"taxonomy":"product_cat","embeddable":true,"href":"https:\/\/kinequip.ca\/index.php?rest_route=%2Fwp%2Fv2%2Fproduct_cat&post=657"},{"taxonomy":"product_tag","embeddable":true,"href":"https:\/\/kinequip.ca\/index.php?rest_route=%2Fwp%2Fv2%2Fproduct_tag&post=657"}],"curies":[{"name":"wp","href":"https:\/\/api.w.org\/{rel}","templated":true}]}}