{"id":656,"date":"2025-01-31T15:30:02","date_gmt":"2025-01-31T15:30:02","guid":{"rendered":"https:\/\/dev.kinequip.ca\/?post_type=product&#038;p=656"},"modified":"2025-01-31T15:30:10","modified_gmt":"2025-01-31T15:30:10","slug":"olympic-military-bench-serie-signature","status":"publish","type":"product","link":"https:\/\/kinequip.ca\/?product=olympic-military-bench-serie-signature","title":{"rendered":"Olympic Military Bench S\u00e9rie Signature"},"content":{"rendered":"<p>L&rsquo;Olympic Military Bench S\u00e9rie Signature est dot\u00e9 d&rsquo;un rack protecteur en ur\u00e9thane moul\u00e9, qui limite le bruit et prot\u00e8ge la barre de l&rsquo;usure, pour un exercice stable et pr\u00e9cis. Il poss\u00e8de un syst\u00e8me de rack \u00e0 l&rsquo;avant et \u00e0 l&rsquo;arri\u00e8re pour plus de diversit\u00e9. Les bancs et racks haut de gamme S\u00e9rie Signature s&rsquo;int\u00e8grent facilement \u00e0 d&rsquo;autres machines de la ligne, pour compl\u00e9ter une famille de produits de musculation de haute qualit\u00e9.<\/p>\n","protected":false},"excerpt":{"rendered":"<p>L&rsquo;Olympic Military Bench S\u00e9rie Signature est dot\u00e9 d&rsquo;un rack protecteur en ur\u00e9thane moul\u00e9, qui limite le bruit et prot\u00e8ge la barre de l&rsquo;usure, pour un exercice stable et pr\u00e9cis. Il poss\u00e8de un syst\u00e8me de rack \u00e0 l&rsquo;avant et \u00e0 l&rsquo;arri\u00e8re pour plus de diversit\u00e9. Les bancs et racks haut de gamme S\u00e9rie Signature s&rsquo;int\u00e8grent facilement [&hellip;]<\/p>\n","protected":false},"featured_media":686,"comment_status":"open","ping_status":"closed","template":"","meta":[],"product_brand":[],"product_cat":[48,34,56],"product_tag":[],"class_list":{"0":"post-656","1":"product","2":"type-product","3":"status-publish","4":"has-post-thumbnail","6":"product_cat-bancs-support","7":"product_cat-equipements-pour-professionnel","8":"product_cat-signature","10":"first","11":"instock","12":"shipping-taxable","13":"purchasable","14":"product-type-simple"},"_links":{"self":[{"href":"https:\/\/kinequip.ca\/index.php?rest_route=\/wp\/v2\/product\/656","targetHints":{"allow":["GET"]}}],"collection":[{"href":"https:\/\/kinequip.ca\/index.php?rest_route=\/wp\/v2\/product"}],"about":[{"href":"https:\/\/kinequip.ca\/index.php?rest_route=\/wp\/v2\/types\/product"}],"replies":[{"embeddable":true,"href":"https:\/\/kinequip.ca\/index.php?rest_route=%2Fwp%2Fv2%2Fcomments&post=656"}],"wp:featuredmedia":[{"embeddable":true,"href":"https:\/\/kinequip.ca\/index.php?rest_route=\/wp\/v2\/media\/686"}],"wp:attachment":[{"href":"https:\/\/kinequip.ca\/index.php?rest_route=%2Fwp%2Fv2%2Fmedia&parent=656"}],"wp:term":[{"taxonomy":"product_brand","embeddable":true,"href":"https:\/\/kinequip.ca\/index.php?rest_route=%2Fwp%2Fv2%2Fproduct_brand&post=656"},{"taxonomy":"product_cat","embeddable":true,"href":"https:\/\/kinequip.ca\/index.php?rest_route=%2Fwp%2Fv2%2Fproduct_cat&post=656"},{"taxonomy":"product_tag","embeddable":true,"href":"https:\/\/kinequip.ca\/index.php?rest_route=%2Fwp%2Fv2%2Fproduct_tag&post=656"}],"curies":[{"name":"wp","href":"https:\/\/api.w.org\/{rel}","templated":true}]}}