{"id":650,"date":"2025-01-31T15:30:02","date_gmt":"2025-01-31T15:30:02","guid":{"rendered":"https:\/\/dev.kinequip.ca\/?post_type=product&#038;p=650"},"modified":"2025-01-31T15:30:07","modified_gmt":"2025-01-31T15:30:07","slug":"chin-dip-leg-raise-serie-signature","status":"publish","type":"product","link":"https:\/\/kinequip.ca\/?product=chin-dip-leg-raise-serie-signature","title":{"rendered":"Chin\/Dip\/Leg Raise S\u00e9rie Signature"},"content":{"rendered":"<p>Le Chin\/Dip\/Leg Raise Signature est une machine compacte et trois en un, con\u00e7ue pour r\u00e9pondre \u00e0 vos besoins en exercices sp\u00e9cifiques. Les bancs et racks haut de gamme S\u00e9rie Signature s&rsquo;int\u00e8grent facilement \u00e0 d&rsquo;autres machines de la ligne, pour compl\u00e9ter une famille de produits de musculation de haute qualit\u00e9.<\/p>\n","protected":false},"excerpt":{"rendered":"<p>Le Chin\/Dip\/Leg Raise Signature est une machine compacte et trois en un, con\u00e7ue pour r\u00e9pondre \u00e0 vos besoins en exercices sp\u00e9cifiques. Les bancs et racks haut de gamme S\u00e9rie Signature s&rsquo;int\u00e8grent facilement \u00e0 d&rsquo;autres machines de la ligne, pour compl\u00e9ter une famille de produits de musculation de haute qualit\u00e9.<\/p>\n","protected":false},"featured_media":680,"comment_status":"open","ping_status":"closed","template":"","meta":[],"product_brand":[],"product_cat":[48,34,52,56],"product_tag":[],"class_list":{"0":"post-650","1":"product","2":"type-product","3":"status-publish","4":"has-post-thumbnail","6":"product_cat-bancs-support","7":"product_cat-equipements-pour-professionnel","8":"product_cat-life-fitness-musculaires","9":"product_cat-signature","11":"first","12":"instock","13":"shipping-taxable","14":"purchasable","15":"product-type-simple"},"_links":{"self":[{"href":"https:\/\/kinequip.ca\/index.php?rest_route=\/wp\/v2\/product\/650","targetHints":{"allow":["GET"]}}],"collection":[{"href":"https:\/\/kinequip.ca\/index.php?rest_route=\/wp\/v2\/product"}],"about":[{"href":"https:\/\/kinequip.ca\/index.php?rest_route=\/wp\/v2\/types\/product"}],"replies":[{"embeddable":true,"href":"https:\/\/kinequip.ca\/index.php?rest_route=%2Fwp%2Fv2%2Fcomments&post=650"}],"wp:featuredmedia":[{"embeddable":true,"href":"https:\/\/kinequip.ca\/index.php?rest_route=\/wp\/v2\/media\/680"}],"wp:attachment":[{"href":"https:\/\/kinequip.ca\/index.php?rest_route=%2Fwp%2Fv2%2Fmedia&parent=650"}],"wp:term":[{"taxonomy":"product_brand","embeddable":true,"href":"https:\/\/kinequip.ca\/index.php?rest_route=%2Fwp%2Fv2%2Fproduct_brand&post=650"},{"taxonomy":"product_cat","embeddable":true,"href":"https:\/\/kinequip.ca\/index.php?rest_route=%2Fwp%2Fv2%2Fproduct_cat&post=650"},{"taxonomy":"product_tag","embeddable":true,"href":"https:\/\/kinequip.ca\/index.php?rest_route=%2Fwp%2Fv2%2Fproduct_tag&post=650"}],"curies":[{"name":"wp","href":"https:\/\/api.w.org\/{rel}","templated":true}]}}