{"id":648,"date":"2025-01-31T15:30:02","date_gmt":"2025-01-31T15:30:02","guid":{"rendered":"https:\/\/dev.kinequip.ca\/?post_type=product&#038;p=648"},"modified":"2025-01-31T15:30:07","modified_gmt":"2025-01-31T15:30:07","slug":"twist-left-ground-base-a-charges-libres-hammer-strength","status":"publish","type":"product","link":"https:\/\/kinequip.ca\/?product=twist-left-ground-base-a-charges-libres-hammer-strength","title":{"rendered":"Twist Left Ground Base \u00e0 charges libres Hammer Strength"},"content":{"rendered":"<p>Le Twist Left Ground Base \u00e0 charges libres est id\u00e9al pour les athl\u00e8tes qui font appel au mouvement rotatif gauche pour obtenir des performances maximales. Les appareils au sol Ground Base\u00ae sont con\u00e7us pour maintenir l&rsquo;utilisateur bien ancr\u00e9 au sol, tout en optimisant la puissance et la d\u00e9tente.<\/p>\n","protected":false},"excerpt":{"rendered":"<div id=\"\" class=\"field-group-table group_product_features group-product-features field-group-table\">\n<div class=\"table-wrapper\">\n<table class=\"field-group-format group_product_features\">\n<tbody>\n<tr class=\"odd\">\n<th class=\"field-label\">Standard Weight Horns<\/th>\n<td class=\"field-content\">\n<div class=\"field field-name-field-standard-weight-horns field-type-number-integer field-label-hidden\">\n<div class=\"field-items\">\n<div class=\"field-item even\">2<\/div>\n<\/div>\n<\/div>\n<\/td>\n<\/tr>\n<tr class=\"even\">\n<th class=\"field-label\">Starting Resistance<\/th>\n<td class=\"field-content\">\n<div class=\"field field-name-field-starting-resistance field-type-text field-label-hidden\">\n<div class=\"field-items\">\n<div class=\"field-item even\">5\u00a0kg (12\u00a0lb) par bras de travail<\/div>\n<\/div>\n<\/div>\n<\/td>\n<\/tr>\n<tr class=\"odd\">\n<th class=\"field-label\">Frame Description<\/th>\n<td class=\"field-content\">\n<div class=\"field field-name-field-frame-description field-type-text-long field-label-hidden\">\n<div class=\"field-items\">\n<div class=\"field-item even\">Un ch\u00e2ssis en acier de 3 mm d\u2019\u00e9paisseur garantit une int\u00e9grit\u00e9 de structure maximum<\/div>\n<div class=\"field-item odd\">Chaque ch\u00e2ssis re\u00e7oit une couche de finition poudr\u00e9e \u00e9lectrostatique qui garantit une adh\u00e9rence et une durabilit\u00e9 maximales<\/div>\n<\/div>\n<\/div>\n<\/td>\n<\/tr>\n<\/tbody>\n<\/table>\n<\/div>\n<\/div>\n<div id=\"\" class=\"field-group-table group_technical_specifications group-technical-specifications field-group-table\">\n<div class=\"form-item form-type-item\"><label>Caract\u00e9ristiques Techniques <\/label><\/div>\n<div class=\"table-wrapper\">\n<table class=\"field-group-format group_technical_specifications\">\n<tbody>\n<tr class=\"odd\">\n<th class=\"field-label\">Dimensions (L x W x H)<\/th>\n<td class=\"field-content\">\n<div class=\"field field-name-field-dimensions field-type-text-long field-label-hidden\">\n<div class=\"field-items\">\n<div class=\"field-item even\">55 in x 54 in x 54 in (140 cm x 137 cm x 138 cm)<\/div>\n<\/div>\n<\/div>\n<\/td>\n<\/tr>\n<tr class=\"even\">\n<th class=\"field-label\">Weight<\/th>\n<td class=\"field-content\">\n<div class=\"field field-name-field-weight field-type-text field-label-hidden\">\n<div class=\"field-items\">\n<div class=\"field-item even\">91\u00a0kg (200\u00a0lb)<\/div>\n<\/div>\n<\/div>\n<\/td>\n<\/tr>\n<tr class=\"odd\">\n<th class=\"field-label\">Product Code<\/th>\n<td class=\"field-content\">\n<div class=\"field field-name-field-product-code field-type-text field-label-hidden\">\n<div class=\"field-items\">\n<div class=\"field-item even\">GB-TL<\/div>\n<\/div>\n<\/div>\n<\/td>\n<\/tr>\n<\/tbody>\n<\/table>\n<\/div>\n<\/div>\n","protected":false},"featured_media":678,"comment_status":"open","ping_status":"closed","template":"","meta":[],"product_brand":[],"product_cat":[34,46,47],"product_tag":[],"class_list":{"0":"post-648","1":"product","2":"type-product","3":"status-publish","4":"has-post-thumbnail","6":"product_cat-equipements-pour-professionnel","7":"product_cat-hammer-strength-equipements-pour-professionnel","8":"product_cat-hammer-strength-charges-libres","10":"first","11":"instock","12":"shipping-taxable","13":"purchasable","14":"product-type-simple"},"_links":{"self":[{"href":"https:\/\/kinequip.ca\/index.php?rest_route=\/wp\/v2\/product\/648","targetHints":{"allow":["GET"]}}],"collection":[{"href":"https:\/\/kinequip.ca\/index.php?rest_route=\/wp\/v2\/product"}],"about":[{"href":"https:\/\/kinequip.ca\/index.php?rest_route=\/wp\/v2\/types\/product"}],"replies":[{"embeddable":true,"href":"https:\/\/kinequip.ca\/index.php?rest_route=%2Fwp%2Fv2%2Fcomments&post=648"}],"wp:featuredmedia":[{"embeddable":true,"href":"https:\/\/kinequip.ca\/index.php?rest_route=\/wp\/v2\/media\/678"}],"wp:attachment":[{"href":"https:\/\/kinequip.ca\/index.php?rest_route=%2Fwp%2Fv2%2Fmedia&parent=648"}],"wp:term":[{"taxonomy":"product_brand","embeddable":true,"href":"https:\/\/kinequip.ca\/index.php?rest_route=%2Fwp%2Fv2%2Fproduct_brand&post=648"},{"taxonomy":"product_cat","embeddable":true,"href":"https:\/\/kinequip.ca\/index.php?rest_route=%2Fwp%2Fv2%2Fproduct_cat&post=648"},{"taxonomy":"product_tag","embeddable":true,"href":"https:\/\/kinequip.ca\/index.php?rest_route=%2Fwp%2Fv2%2Fproduct_tag&post=648"}],"curies":[{"name":"wp","href":"https:\/\/api.w.org\/{rel}","templated":true}]}}