{"id":605,"date":"2025-01-31T15:29:51","date_gmt":"2025-01-31T15:29:51","guid":{"rendered":"https:\/\/dev.kinequip.ca\/?post_type=product&#038;p=605"},"modified":"2025-01-31T15:29:59","modified_gmt":"2025-01-31T15:29:59","slug":"leg-press-a-charges-libres-hammer-strength","status":"publish","type":"product","link":"https:\/\/kinequip.ca\/?product=leg-press-a-charges-libres-hammer-strength","title":{"rendered":"Leg Press \u00e0 charges libres Hammer Strength"},"content":{"rendered":"<p>Le Leg Press \u00e0 charges libres favorise une r\u00e9alisation optimale de l\u2019exercice du fait de la position de d\u00e9part sollicitant les hanches. Les coussins du si\u00e8ge et le repose-pieds sont inclin\u00e9s et structur\u00e9s de mani\u00e8re \u00e0 r\u00e9duire les tensions ind\u00e9sirables.<\/p>\n","protected":false},"excerpt":{"rendered":"<div id=\"\" class=\"field-group-table group_product_features group-product-features field-group-table\">\n<div class=\"table-wrapper\">\n<table class=\"field-group-format group_product_features\">\n<tbody>\n<tr class=\"odd\">\n<th class=\"field-label\">Standard Weight Horns<\/th>\n<td class=\"field-content\">\n<div class=\"field field-name-field-standard-weight-horns field-type-number-integer field-label-hidden\">\n<div class=\"field-items\">\n<div class=\"field-item even\">6<\/div>\n<\/div>\n<\/div>\n<\/td>\n<\/tr>\n<tr class=\"even\">\n<th class=\"field-label\">Starting Resistance<\/th>\n<td class=\"field-content\">\n<div class=\"field field-name-field-starting-resistance field-type-text field-label-hidden\">\n<div class=\"field-items\">\n<div class=\"field-item even\">9,5\u00a0kg (21\u00a0lb)<\/div>\n<\/div>\n<\/div>\n<\/td>\n<\/tr>\n<tr class=\"odd\">\n<th class=\"field-label\">Frame Description<\/th>\n<td class=\"field-content\">\n<div class=\"field field-name-field-frame-description field-type-text-long field-label-hidden\">\n<div class=\"field-items\">\n<div class=\"field-item even\">Un ch\u00e2ssis en acier de 3 mm d\u2019\u00e9paisseur garantit une int\u00e9grit\u00e9 de structure maximum<\/div>\n<div class=\"field-item odd\">Chaque ch\u00e2ssis re\u00e7oit une couche de finition poudr\u00e9e \u00e9lectrostatique qui garantit une adh\u00e9rence et une durabilit\u00e9 maximales<\/div>\n<\/div>\n<\/div>\n<\/td>\n<\/tr>\n<\/tbody>\n<\/table>\n<\/div>\n<\/div>\n<div id=\"\" class=\"field-group-table group_technical_specifications group-technical-specifications field-group-table\">\n<div class=\"form-item form-type-item\"><label>Caract\u00e9ristiques Techniques <\/label><\/div>\n<div class=\"table-wrapper\">\n<table class=\"field-group-format group_technical_specifications\">\n<tbody>\n<tr class=\"odd\">\n<th class=\"field-label\">Dimensions (L x W x H)<\/th>\n<td class=\"field-content\">\n<div class=\"field field-name-field-dimensions field-type-text-long field-label-hidden\">\n<div class=\"field-items\">\n<div class=\"field-item even\">62 in x 97 in x 57 in (158 cm x 245 cm x 144 cm)<\/div>\n<\/div>\n<\/div>\n<\/td>\n<\/tr>\n<tr class=\"even\">\n<th class=\"field-label\">Weight<\/th>\n<td class=\"field-content\">\n<div class=\"field field-name-field-weight field-type-text field-label-hidden\">\n<div class=\"field-items\">\n<div class=\"field-item even\">243\u00a0kg (535\u00a0lb)<\/div>\n<\/div>\n<\/div>\n<\/td>\n<\/tr>\n<tr class=\"odd\">\n<th class=\"field-label\">Product Code<\/th>\n<td class=\"field-content\">\n<div class=\"field field-name-field-product-code field-type-text field-label-hidden\">\n<div class=\"field-items\">\n<div class=\"field-item even\">PL-LP<\/div>\n<\/div>\n<\/div>\n<\/td>\n<\/tr>\n<\/tbody>\n<\/table>\n<\/div>\n<\/div>\n","protected":false},"featured_media":635,"comment_status":"open","ping_status":"closed","template":"","meta":[],"product_brand":[],"product_cat":[34,46,47],"product_tag":[],"class_list":{"0":"post-605","1":"product","2":"type-product","3":"status-publish","4":"has-post-thumbnail","6":"product_cat-equipements-pour-professionnel","7":"product_cat-hammer-strength-equipements-pour-professionnel","8":"product_cat-hammer-strength-charges-libres","10":"first","11":"instock","12":"shipping-taxable","13":"purchasable","14":"product-type-simple"},"_links":{"self":[{"href":"https:\/\/kinequip.ca\/index.php?rest_route=\/wp\/v2\/product\/605","targetHints":{"allow":["GET"]}}],"collection":[{"href":"https:\/\/kinequip.ca\/index.php?rest_route=\/wp\/v2\/product"}],"about":[{"href":"https:\/\/kinequip.ca\/index.php?rest_route=\/wp\/v2\/types\/product"}],"replies":[{"embeddable":true,"href":"https:\/\/kinequip.ca\/index.php?rest_route=%2Fwp%2Fv2%2Fcomments&post=605"}],"wp:featuredmedia":[{"embeddable":true,"href":"https:\/\/kinequip.ca\/index.php?rest_route=\/wp\/v2\/media\/635"}],"wp:attachment":[{"href":"https:\/\/kinequip.ca\/index.php?rest_route=%2Fwp%2Fv2%2Fmedia&parent=605"}],"wp:term":[{"taxonomy":"product_brand","embeddable":true,"href":"https:\/\/kinequip.ca\/index.php?rest_route=%2Fwp%2Fv2%2Fproduct_brand&post=605"},{"taxonomy":"product_cat","embeddable":true,"href":"https:\/\/kinequip.ca\/index.php?rest_route=%2Fwp%2Fv2%2Fproduct_cat&post=605"},{"taxonomy":"product_tag","embeddable":true,"href":"https:\/\/kinequip.ca\/index.php?rest_route=%2Fwp%2Fv2%2Fproduct_tag&post=605"}],"curies":[{"name":"wp","href":"https:\/\/api.w.org\/{rel}","templated":true}]}}