{"id":581,"date":"2025-01-31T15:29:48","date_gmt":"2025-01-31T15:29:48","guid":{"rendered":"https:\/\/dev.kinequip.ca\/?post_type=product&#038;p=581"},"modified":"2025-01-31T15:29:52","modified_gmt":"2025-01-31T15:29:52","slug":"iso-lateral-bench-press-a-charges-libres-hammer-strength","status":"publish","type":"product","link":"https:\/\/kinequip.ca\/?product=iso-lateral-bench-press-a-charges-libres-hammer-strength","title":{"rendered":"Iso-Lateral Bench Press \u00e0 charges libres Hammer Strength"},"content":{"rendered":"<p>L&rsquo;Iso-Lateral Bench Press \u00e0 charges obliques est dot\u00e9 de supports de poids s\u00e9par\u00e9s qui permettent des mouvements divergents et convergents ind\u00e9pendants pour le d\u00e9veloppement de forces \u00e9gales. Les options de poign\u00e9es verticales et horizontales r\u00e9pliquent des presses \u00e0 banc traditionnelles ou des mouvements athl\u00e9tiques.<\/p>\n","protected":false},"excerpt":{"rendered":"<p>L&rsquo;Iso-Lateral Bench Press \u00e0 charges obliques est dot\u00e9 de supports de poids s\u00e9par\u00e9s qui permettent des mouvements divergents et convergents ind\u00e9pendants pour le d\u00e9veloppement de forces \u00e9gales. Les options de poign\u00e9es verticales et horizontales r\u00e9pliquent des presses \u00e0 banc traditionnelles ou des mouvements athl\u00e9tiques.<\/p>\n","protected":false},"featured_media":611,"comment_status":"open","ping_status":"closed","template":"","meta":[],"product_brand":[],"product_cat":[34,46,47],"product_tag":[],"class_list":{"0":"post-581","1":"product","2":"type-product","3":"status-publish","4":"has-post-thumbnail","6":"product_cat-equipements-pour-professionnel","7":"product_cat-hammer-strength-equipements-pour-professionnel","8":"product_cat-hammer-strength-charges-libres","10":"first","11":"instock","12":"shipping-taxable","13":"purchasable","14":"product-type-simple"},"_links":{"self":[{"href":"https:\/\/kinequip.ca\/index.php?rest_route=\/wp\/v2\/product\/581","targetHints":{"allow":["GET"]}}],"collection":[{"href":"https:\/\/kinequip.ca\/index.php?rest_route=\/wp\/v2\/product"}],"about":[{"href":"https:\/\/kinequip.ca\/index.php?rest_route=\/wp\/v2\/types\/product"}],"replies":[{"embeddable":true,"href":"https:\/\/kinequip.ca\/index.php?rest_route=%2Fwp%2Fv2%2Fcomments&post=581"}],"wp:featuredmedia":[{"embeddable":true,"href":"https:\/\/kinequip.ca\/index.php?rest_route=\/wp\/v2\/media\/611"}],"wp:attachment":[{"href":"https:\/\/kinequip.ca\/index.php?rest_route=%2Fwp%2Fv2%2Fmedia&parent=581"}],"wp:term":[{"taxonomy":"product_brand","embeddable":true,"href":"https:\/\/kinequip.ca\/index.php?rest_route=%2Fwp%2Fv2%2Fproduct_brand&post=581"},{"taxonomy":"product_cat","embeddable":true,"href":"https:\/\/kinequip.ca\/index.php?rest_route=%2Fwp%2Fv2%2Fproduct_cat&post=581"},{"taxonomy":"product_tag","embeddable":true,"href":"https:\/\/kinequip.ca\/index.php?rest_route=%2Fwp%2Fv2%2Fproduct_tag&post=581"}],"curies":[{"name":"wp","href":"https:\/\/api.w.org\/{rel}","templated":true}]}}