{"id":580,"date":"2025-01-31T15:29:48","date_gmt":"2025-01-31T15:29:48","guid":{"rendered":"https:\/\/dev.kinequip.ca\/?post_type=product&#038;p=580"},"modified":"2025-01-31T15:29:52","modified_gmt":"2025-01-31T15:29:52","slug":"biceps-curl-serie-insignia","status":"publish","type":"product","link":"https:\/\/kinequip.ca\/?product=biceps-curl-serie-insignia","title":{"rendered":"Biceps Curl S\u00e9rie Insignia"},"content":{"rendered":"<p>Le Biceps Curl S\u00e9rie Insignia poss\u00e8de des bras \u00e0 mouvement ind\u00e9pendant et des poign\u00e9es pivotantes qui s&rsquo;adaptent \u00e0 la plupart des longueurs de bras. Les \u00e9quipements de musculation s\u00e9lectifs S\u00e9rie Insignia haut de gamme associe des touches intelligentes et des \u00e9l\u00e9ments dont la conception subtile offre une sensation naturelle et une exp\u00e9rience r\u00e9ellement inoubliable.<\/p>\n","protected":false},"excerpt":{"rendered":"<p>Le Biceps Curl S\u00e9rie Insignia poss\u00e8de des bras \u00e0 mouvement ind\u00e9pendant et des poign\u00e9es pivotantes qui s&rsquo;adaptent \u00e0 la plupart des longueurs de bras. Les \u00e9quipements de musculation s\u00e9lectifs S\u00e9rie Insignia haut de gamme associe des touches intelligentes et des \u00e9l\u00e9ments dont la conception subtile offre une sensation naturelle et une exp\u00e9rience r\u00e9ellement inoubliable.<\/p>\n","protected":false},"featured_media":610,"comment_status":"open","ping_status":"closed","template":"","meta":[],"product_brand":[],"product_cat":[34],"product_tag":[],"class_list":{"0":"post-580","1":"product","2":"type-product","3":"status-publish","4":"has-post-thumbnail","6":"product_cat-equipements-pour-professionnel","8":"first","9":"instock","10":"shipping-taxable","11":"purchasable","12":"product-type-simple"},"_links":{"self":[{"href":"https:\/\/kinequip.ca\/index.php?rest_route=\/wp\/v2\/product\/580","targetHints":{"allow":["GET"]}}],"collection":[{"href":"https:\/\/kinequip.ca\/index.php?rest_route=\/wp\/v2\/product"}],"about":[{"href":"https:\/\/kinequip.ca\/index.php?rest_route=\/wp\/v2\/types\/product"}],"replies":[{"embeddable":true,"href":"https:\/\/kinequip.ca\/index.php?rest_route=%2Fwp%2Fv2%2Fcomments&post=580"}],"wp:featuredmedia":[{"embeddable":true,"href":"https:\/\/kinequip.ca\/index.php?rest_route=\/wp\/v2\/media\/610"}],"wp:attachment":[{"href":"https:\/\/kinequip.ca\/index.php?rest_route=%2Fwp%2Fv2%2Fmedia&parent=580"}],"wp:term":[{"taxonomy":"product_brand","embeddable":true,"href":"https:\/\/kinequip.ca\/index.php?rest_route=%2Fwp%2Fv2%2Fproduct_brand&post=580"},{"taxonomy":"product_cat","embeddable":true,"href":"https:\/\/kinequip.ca\/index.php?rest_route=%2Fwp%2Fv2%2Fproduct_cat&post=580"},{"taxonomy":"product_tag","embeddable":true,"href":"https:\/\/kinequip.ca\/index.php?rest_route=%2Fwp%2Fv2%2Fproduct_tag&post=580"}],"curies":[{"name":"wp","href":"https:\/\/api.w.org\/{rel}","templated":true}]}}