{"id":579,"date":"2025-01-31T15:29:48","date_gmt":"2025-01-31T15:29:48","guid":{"rendered":"https:\/\/dev.kinequip.ca\/?post_type=product&#038;p=579"},"modified":"2025-01-31T15:29:51","modified_gmt":"2025-01-31T15:29:51","slug":"triceps-press-serie-insignia","status":"publish","type":"product","link":"https:\/\/kinequip.ca\/?product=triceps-press-serie-insignia","title":{"rendered":"Triceps Press S\u00e9rie Insignia"},"content":{"rendered":"<p>Le Triceps Press S\u00e9rie Insignia est dot\u00e9 de poign\u00e9es \u00e0 pousser rotatives grand format et de poign\u00e9es \u00e0 dips traditionnelles pour fournir plusieurs options d&rsquo;entra\u00eenement. Les \u00e9quipements de musculation s\u00e9lectifs S\u00e9rie Insignia haut de gamme associe des touches intelligentes et des \u00e9l\u00e9ments dont la conception subtile offre une sensation naturelle et une exp\u00e9rience r\u00e9ellement inoubliable.<\/p>\n","protected":false},"excerpt":{"rendered":"<p>Le Triceps Press S\u00e9rie Insignia est dot\u00e9 de poign\u00e9es \u00e0 pousser rotatives grand format et de poign\u00e9es \u00e0 dips traditionnelles pour fournir plusieurs options d&rsquo;entra\u00eenement. Les \u00e9quipements de musculation s\u00e9lectifs S\u00e9rie Insignia haut de gamme associe des touches intelligentes et des \u00e9l\u00e9ments dont la conception subtile offre une sensation naturelle et une exp\u00e9rience r\u00e9ellement inoubliable.<\/p>\n","protected":false},"featured_media":609,"comment_status":"open","ping_status":"closed","template":"","meta":[],"product_brand":[],"product_cat":[34,55,52],"product_tag":[],"class_list":{"0":"post-579","1":"product","2":"type-product","3":"status-publish","4":"has-post-thumbnail","6":"product_cat-equipements-pour-professionnel","7":"product_cat-insignia","8":"product_cat-life-fitness-musculaires","10":"first","11":"instock","12":"shipping-taxable","13":"purchasable","14":"product-type-simple"},"_links":{"self":[{"href":"https:\/\/kinequip.ca\/index.php?rest_route=\/wp\/v2\/product\/579","targetHints":{"allow":["GET"]}}],"collection":[{"href":"https:\/\/kinequip.ca\/index.php?rest_route=\/wp\/v2\/product"}],"about":[{"href":"https:\/\/kinequip.ca\/index.php?rest_route=\/wp\/v2\/types\/product"}],"replies":[{"embeddable":true,"href":"https:\/\/kinequip.ca\/index.php?rest_route=%2Fwp%2Fv2%2Fcomments&post=579"}],"wp:featuredmedia":[{"embeddable":true,"href":"https:\/\/kinequip.ca\/index.php?rest_route=\/wp\/v2\/media\/609"}],"wp:attachment":[{"href":"https:\/\/kinequip.ca\/index.php?rest_route=%2Fwp%2Fv2%2Fmedia&parent=579"}],"wp:term":[{"taxonomy":"product_brand","embeddable":true,"href":"https:\/\/kinequip.ca\/index.php?rest_route=%2Fwp%2Fv2%2Fproduct_brand&post=579"},{"taxonomy":"product_cat","embeddable":true,"href":"https:\/\/kinequip.ca\/index.php?rest_route=%2Fwp%2Fv2%2Fproduct_cat&post=579"},{"taxonomy":"product_tag","embeddable":true,"href":"https:\/\/kinequip.ca\/index.php?rest_route=%2Fwp%2Fv2%2Fproduct_tag&post=579"}],"curies":[{"name":"wp","href":"https:\/\/api.w.org\/{rel}","templated":true}]}}