{"id":553,"date":"2025-01-31T15:29:37","date_gmt":"2025-01-31T15:29:37","guid":{"rendered":"https:\/\/dev.kinequip.ca\/?post_type=product&#038;p=553"},"modified":"2025-01-31T15:29:47","modified_gmt":"2025-01-31T15:29:47","slug":"shoulder-press-serie-insignia","status":"publish","type":"product","link":"https:\/\/kinequip.ca\/?product=shoulder-press-serie-insignia","title":{"rendered":"Shoulder Press S\u00e9rie Insignia"},"content":{"rendered":"<p>Le Shoulder Press S\u00e9rie Insignia est dot\u00e9 de bras convergents ind\u00e9pendants qui cr\u00e9ent un mouvement de presse naturel par-dessus la t\u00eate. Les \u00e9quipements de musculation s\u00e9lectifs S\u00e9rie Insignia haut de gamme associe des touches intelligentes et des \u00e9l\u00e9ments dont la conception subtile offre une sensation naturelle et une exp\u00e9rience r\u00e9ellement inoubliable.<\/p>\n","protected":false},"excerpt":{"rendered":"<p>Le Shoulder Press S\u00e9rie Insignia est dot\u00e9 de bras convergents ind\u00e9pendants qui cr\u00e9ent un mouvement de presse naturel par-dessus la t\u00eate. Les \u00e9quipements de musculation s\u00e9lectifs S\u00e9rie Insignia haut de gamme associe des touches intelligentes et des \u00e9l\u00e9ments dont la conception subtile offre une sensation naturelle et une exp\u00e9rience r\u00e9ellement inoubliable.<\/p>\n","protected":false},"featured_media":0,"comment_status":"open","ping_status":"closed","template":"","meta":[],"product_brand":[],"product_cat":[34,55,52],"product_tag":[],"class_list":{"0":"post-553","1":"product","2":"type-product","3":"status-publish","5":"product_cat-equipements-pour-professionnel","6":"product_cat-insignia","7":"product_cat-life-fitness-musculaires","9":"first","10":"instock","11":"shipping-taxable","12":"purchasable","13":"product-type-simple"},"_links":{"self":[{"href":"https:\/\/kinequip.ca\/index.php?rest_route=\/wp\/v2\/product\/553","targetHints":{"allow":["GET"]}}],"collection":[{"href":"https:\/\/kinequip.ca\/index.php?rest_route=\/wp\/v2\/product"}],"about":[{"href":"https:\/\/kinequip.ca\/index.php?rest_route=\/wp\/v2\/types\/product"}],"replies":[{"embeddable":true,"href":"https:\/\/kinequip.ca\/index.php?rest_route=%2Fwp%2Fv2%2Fcomments&post=553"}],"wp:attachment":[{"href":"https:\/\/kinequip.ca\/index.php?rest_route=%2Fwp%2Fv2%2Fmedia&parent=553"}],"wp:term":[{"taxonomy":"product_brand","embeddable":true,"href":"https:\/\/kinequip.ca\/index.php?rest_route=%2Fwp%2Fv2%2Fproduct_brand&post=553"},{"taxonomy":"product_cat","embeddable":true,"href":"https:\/\/kinequip.ca\/index.php?rest_route=%2Fwp%2Fv2%2Fproduct_cat&post=553"},{"taxonomy":"product_tag","embeddable":true,"href":"https:\/\/kinequip.ca\/index.php?rest_route=%2Fwp%2Fv2%2Fproduct_tag&post=553"}],"curies":[{"name":"wp","href":"https:\/\/api.w.org\/{rel}","templated":true}]}}