{"id":549,"date":"2025-01-31T15:29:37","date_gmt":"2025-01-31T15:29:37","guid":{"rendered":"https:\/\/dev.kinequip.ca\/?post_type=product&#038;p=549"},"modified":"2025-01-31T15:29:46","modified_gmt":"2025-01-31T15:29:46","slug":"pectoral-fly-serie-insignia","status":"publish","type":"product","link":"https:\/\/kinequip.ca\/?product=pectoral-fly-serie-insignia","title":{"rendered":"PECTORAL FLY S\u00c9RIE INSIGNIA"},"content":{"rendered":"<p>Le Pectoral Fly S\u00e9rie Insignia reproduit la courbe de force naturelle du corps sur l&rsquo;amplitude de mouvement toute enti\u00e8re. Les \u00e9quipements de musculation s\u00e9lectifs S\u00e9rie Insignia haut de gamme associe des touches intelligentes et des \u00e9l\u00e9ments dont la conception subtile offre une sensation naturelle et une exp\u00e9rience r\u00e9ellement inoubliable.<\/p>\n","protected":false},"excerpt":{"rendered":"<p>Le Pectoral Fly S\u00e9rie Insignia reproduit la courbe de force naturelle du corps sur l&rsquo;amplitude de mouvement toute enti\u00e8re. Les \u00e9quipements de musculation s\u00e9lectifs S\u00e9rie Insignia haut de gamme associe des touches intelligentes et des \u00e9l\u00e9ments dont la conception subtile offre une sensation naturelle et une exp\u00e9rience r\u00e9ellement inoubliable.<\/p>\n","protected":false},"featured_media":575,"comment_status":"open","ping_status":"closed","template":"","meta":[],"product_brand":[],"product_cat":[34,55,52],"product_tag":[],"class_list":{"0":"post-549","1":"product","2":"type-product","3":"status-publish","4":"has-post-thumbnail","6":"product_cat-equipements-pour-professionnel","7":"product_cat-insignia","8":"product_cat-life-fitness-musculaires","10":"first","11":"instock","12":"shipping-taxable","13":"purchasable","14":"product-type-simple"},"_links":{"self":[{"href":"https:\/\/kinequip.ca\/index.php?rest_route=\/wp\/v2\/product\/549","targetHints":{"allow":["GET"]}}],"collection":[{"href":"https:\/\/kinequip.ca\/index.php?rest_route=\/wp\/v2\/product"}],"about":[{"href":"https:\/\/kinequip.ca\/index.php?rest_route=\/wp\/v2\/types\/product"}],"replies":[{"embeddable":true,"href":"https:\/\/kinequip.ca\/index.php?rest_route=%2Fwp%2Fv2%2Fcomments&post=549"}],"wp:featuredmedia":[{"embeddable":true,"href":"https:\/\/kinequip.ca\/index.php?rest_route=\/wp\/v2\/media\/575"}],"wp:attachment":[{"href":"https:\/\/kinequip.ca\/index.php?rest_route=%2Fwp%2Fv2%2Fmedia&parent=549"}],"wp:term":[{"taxonomy":"product_brand","embeddable":true,"href":"https:\/\/kinequip.ca\/index.php?rest_route=%2Fwp%2Fv2%2Fproduct_brand&post=549"},{"taxonomy":"product_cat","embeddable":true,"href":"https:\/\/kinequip.ca\/index.php?rest_route=%2Fwp%2Fv2%2Fproduct_cat&post=549"},{"taxonomy":"product_tag","embeddable":true,"href":"https:\/\/kinequip.ca\/index.php?rest_route=%2Fwp%2Fv2%2Fproduct_tag&post=549"}],"curies":[{"name":"wp","href":"https:\/\/api.w.org\/{rel}","templated":true}]}}