{"id":541,"date":"2025-01-31T15:29:36","date_gmt":"2025-01-31T15:29:36","guid":{"rendered":"https:\/\/dev.kinequip.ca\/?post_type=product&#038;p=541"},"modified":"2025-01-31T15:29:43","modified_gmt":"2025-01-31T15:29:43","slug":"calf-extension-serie-insignia","status":"publish","type":"product","link":"https:\/\/kinequip.ca\/?product=calf-extension-serie-insignia","title":{"rendered":"Calf Extension S\u00e9rie Insignia"},"content":{"rendered":"<p>Le Calf Extension S\u00e9rie Insignia est dot\u00e9 d&rsquo;une plaque pour les pieds rotative selon une amplitude de mouvement naturelle, et la hauteur de si\u00e8ge pratique facilite l&rsquo;acc\u00e8s \u00e0 la machine. Les \u00e9quipements de musculation s\u00e9lectifs S\u00e9rie Insignia haut de gamme associe des touches intelligentes et des \u00e9l\u00e9ments dont la conception subtile offre une sensation naturelle et une exp\u00e9rience r\u00e9ellement inoubliable.<\/p>\n","protected":false},"excerpt":{"rendered":"<p>Le Calf Extension S\u00e9rie Insignia est dot\u00e9 d&rsquo;une plaque pour les pieds rotative selon une amplitude de mouvement naturelle, et la hauteur de si\u00e8ge pratique facilite l&rsquo;acc\u00e8s \u00e0 la machine. Les \u00e9quipements de musculation s\u00e9lectifs S\u00e9rie Insignia haut de gamme associe des touches intelligentes et des \u00e9l\u00e9ments dont la conception subtile offre une sensation naturelle [&hellip;]<\/p>\n","protected":false},"featured_media":568,"comment_status":"open","ping_status":"closed","template":"","meta":[],"product_brand":[],"product_cat":[34,55,52],"product_tag":[],"class_list":{"0":"post-541","1":"product","2":"type-product","3":"status-publish","4":"has-post-thumbnail","6":"product_cat-equipements-pour-professionnel","7":"product_cat-insignia","8":"product_cat-life-fitness-musculaires","10":"first","11":"instock","12":"shipping-taxable","13":"purchasable","14":"product-type-simple"},"_links":{"self":[{"href":"https:\/\/kinequip.ca\/index.php?rest_route=\/wp\/v2\/product\/541","targetHints":{"allow":["GET"]}}],"collection":[{"href":"https:\/\/kinequip.ca\/index.php?rest_route=\/wp\/v2\/product"}],"about":[{"href":"https:\/\/kinequip.ca\/index.php?rest_route=\/wp\/v2\/types\/product"}],"replies":[{"embeddable":true,"href":"https:\/\/kinequip.ca\/index.php?rest_route=%2Fwp%2Fv2%2Fcomments&post=541"}],"wp:featuredmedia":[{"embeddable":true,"href":"https:\/\/kinequip.ca\/index.php?rest_route=\/wp\/v2\/media\/568"}],"wp:attachment":[{"href":"https:\/\/kinequip.ca\/index.php?rest_route=%2Fwp%2Fv2%2Fmedia&parent=541"}],"wp:term":[{"taxonomy":"product_brand","embeddable":true,"href":"https:\/\/kinequip.ca\/index.php?rest_route=%2Fwp%2Fv2%2Fproduct_brand&post=541"},{"taxonomy":"product_cat","embeddable":true,"href":"https:\/\/kinequip.ca\/index.php?rest_route=%2Fwp%2Fv2%2Fproduct_cat&post=541"},{"taxonomy":"product_tag","embeddable":true,"href":"https:\/\/kinequip.ca\/index.php?rest_route=%2Fwp%2Fv2%2Fproduct_tag&post=541"}],"curies":[{"name":"wp","href":"https:\/\/api.w.org\/{rel}","templated":true}]}}