{"id":540,"date":"2025-01-31T15:29:36","date_gmt":"2025-01-31T15:29:36","guid":{"rendered":"https:\/\/dev.kinequip.ca\/?post_type=product&#038;p=540"},"modified":"2025-01-31T15:29:43","modified_gmt":"2025-01-31T15:29:43","slug":"hip-adduction-serie-insignia","status":"publish","type":"product","link":"https:\/\/kinequip.ca\/?product=hip-adduction-serie-insignia","title":{"rendered":"Hip Adduction S\u00e9rie Insignia"},"content":{"rendered":"<p>L&rsquo;Hip Adduction S\u00e9rie Insignia est con\u00e7u pour soutenir les jambes et r\u00e9duire les torsions au niveau des genoux. Les \u00e9quipements de musculation s\u00e9lectifs S\u00e9rie Insignia haut de gamme associe des touches intelligentes et des \u00e9l\u00e9ments dont la conception subtile offre une sensation naturelle et une exp\u00e9rience r\u00e9ellement inoubliable.<\/p>\n","protected":false},"excerpt":{"rendered":"<p>L&rsquo;Hip Adduction S\u00e9rie Insignia est con\u00e7u pour soutenir les jambes et r\u00e9duire les torsions au niveau des genoux. Les \u00e9quipements de musculation s\u00e9lectifs S\u00e9rie Insignia haut de gamme associe des touches intelligentes et des \u00e9l\u00e9ments dont la conception subtile offre une sensation naturelle et une exp\u00e9rience r\u00e9ellement inoubliable.<\/p>\n","protected":false},"featured_media":567,"comment_status":"open","ping_status":"closed","template":"","meta":[],"product_brand":[],"product_cat":[34,55,52],"product_tag":[],"class_list":{"0":"post-540","1":"product","2":"type-product","3":"status-publish","4":"has-post-thumbnail","6":"product_cat-equipements-pour-professionnel","7":"product_cat-insignia","8":"product_cat-life-fitness-musculaires","10":"first","11":"instock","12":"shipping-taxable","13":"purchasable","14":"product-type-simple"},"_links":{"self":[{"href":"https:\/\/kinequip.ca\/index.php?rest_route=\/wp\/v2\/product\/540","targetHints":{"allow":["GET"]}}],"collection":[{"href":"https:\/\/kinequip.ca\/index.php?rest_route=\/wp\/v2\/product"}],"about":[{"href":"https:\/\/kinequip.ca\/index.php?rest_route=\/wp\/v2\/types\/product"}],"replies":[{"embeddable":true,"href":"https:\/\/kinequip.ca\/index.php?rest_route=%2Fwp%2Fv2%2Fcomments&post=540"}],"wp:featuredmedia":[{"embeddable":true,"href":"https:\/\/kinequip.ca\/index.php?rest_route=\/wp\/v2\/media\/567"}],"wp:attachment":[{"href":"https:\/\/kinequip.ca\/index.php?rest_route=%2Fwp%2Fv2%2Fmedia&parent=540"}],"wp:term":[{"taxonomy":"product_brand","embeddable":true,"href":"https:\/\/kinequip.ca\/index.php?rest_route=%2Fwp%2Fv2%2Fproduct_brand&post=540"},{"taxonomy":"product_cat","embeddable":true,"href":"https:\/\/kinequip.ca\/index.php?rest_route=%2Fwp%2Fv2%2Fproduct_cat&post=540"},{"taxonomy":"product_tag","embeddable":true,"href":"https:\/\/kinequip.ca\/index.php?rest_route=%2Fwp%2Fv2%2Fproduct_tag&post=540"}],"curies":[{"name":"wp","href":"https:\/\/api.w.org\/{rel}","templated":true}]}}