{"id":528,"date":"2025-01-31T15:29:35","date_gmt":"2025-01-31T15:29:35","guid":{"rendered":"https:\/\/dev.kinequip.ca\/?post_type=product&#038;p=528"},"modified":"2025-01-31T15:29:39","modified_gmt":"2025-01-31T15:29:39","slug":"lat-pulldown-low-row-serie-optima","status":"publish","type":"product","link":"https:\/\/kinequip.ca\/?product=lat-pulldown-low-row-serie-optima","title":{"rendered":"Lat Pulldown\/Low Row S\u00e9rie Optima"},"content":{"rendered":"<p>Le Lat Pulldown\/Low Row S\u00e9rie Optima permet de r\u00e9aliser deux exercices qui ciblent l&rsquo;ensemble du dos et les groupes de muscles de l&rsquo;\u00e9paule \u00e0 l&rsquo;arri\u00e8re. Le look \u00e9pur\u00e9 et attrayant pla\u00eet \u00e0 tous les utilisateurs.<\/p>\n","protected":false},"excerpt":{"rendered":"<p>Le Lat Pulldown\/Low Row S\u00e9rie Optima permet de r\u00e9aliser deux exercices qui ciblent l&rsquo;ensemble du dos et les groupes de muscles de l&rsquo;\u00e9paule \u00e0 l&rsquo;arri\u00e8re. Le look \u00e9pur\u00e9 et attrayant pla\u00eet \u00e0 tous les utilisateurs.<\/p>\n","protected":false},"featured_media":558,"comment_status":"open","ping_status":"closed","template":"","meta":[],"product_brand":[],"product_cat":[34,52,53],"product_tag":[],"class_list":{"0":"post-528","1":"product","2":"type-product","3":"status-publish","4":"has-post-thumbnail","6":"product_cat-equipements-pour-professionnel","7":"product_cat-life-fitness-musculaires","8":"product_cat-optima","10":"first","11":"instock","12":"shipping-taxable","13":"purchasable","14":"product-type-simple"},"_links":{"self":[{"href":"https:\/\/kinequip.ca\/index.php?rest_route=\/wp\/v2\/product\/528","targetHints":{"allow":["GET"]}}],"collection":[{"href":"https:\/\/kinequip.ca\/index.php?rest_route=\/wp\/v2\/product"}],"about":[{"href":"https:\/\/kinequip.ca\/index.php?rest_route=\/wp\/v2\/types\/product"}],"replies":[{"embeddable":true,"href":"https:\/\/kinequip.ca\/index.php?rest_route=%2Fwp%2Fv2%2Fcomments&post=528"}],"wp:featuredmedia":[{"embeddable":true,"href":"https:\/\/kinequip.ca\/index.php?rest_route=\/wp\/v2\/media\/558"}],"wp:attachment":[{"href":"https:\/\/kinequip.ca\/index.php?rest_route=%2Fwp%2Fv2%2Fmedia&parent=528"}],"wp:term":[{"taxonomy":"product_brand","embeddable":true,"href":"https:\/\/kinequip.ca\/index.php?rest_route=%2Fwp%2Fv2%2Fproduct_brand&post=528"},{"taxonomy":"product_cat","embeddable":true,"href":"https:\/\/kinequip.ca\/index.php?rest_route=%2Fwp%2Fv2%2Fproduct_cat&post=528"},{"taxonomy":"product_tag","embeddable":true,"href":"https:\/\/kinequip.ca\/index.php?rest_route=%2Fwp%2Fv2%2Fproduct_tag&post=528"}],"curies":[{"name":"wp","href":"https:\/\/api.w.org\/{rel}","templated":true}]}}