{"id":527,"date":"2025-01-31T15:29:35","date_gmt":"2025-01-31T15:29:35","guid":{"rendered":"https:\/\/dev.kinequip.ca\/?post_type=product&#038;p=527"},"modified":"2025-01-31T15:29:39","modified_gmt":"2025-01-31T15:29:39","slug":"multi-press-serie-optima","status":"publish","type":"product","link":"https:\/\/kinequip.ca\/?product=multi-press-serie-optima","title":{"rendered":"Multi-Press S\u00e9rie Optima"},"content":{"rendered":"<p>Le Multi-Press S\u00e9rie Optima est une machine triple fonction qui permet aux utilisateurs de choisir les muscles du buste et des \u00e9paules qu&rsquo;ils souhaitent travailler. L&rsquo;apparence \u00e9pur\u00e9e et attrayante du Multi-Press S\u00e9rie Optima est int\u00e9ressante pour tous les utilisateurs.<\/p>\n","protected":false},"excerpt":{"rendered":"<p>Le Multi-Press S\u00e9rie Optima est une machine triple fonction qui permet aux utilisateurs de choisir les muscles du buste et des \u00e9paules qu&rsquo;ils souhaitent travailler. L&rsquo;apparence \u00e9pur\u00e9e et attrayante du Multi-Press S\u00e9rie Optima est int\u00e9ressante pour tous les utilisateurs.<\/p>\n","protected":false},"featured_media":557,"comment_status":"open","ping_status":"closed","template":"","meta":[],"product_brand":[],"product_cat":[34,52,53],"product_tag":[],"class_list":{"0":"post-527","1":"product","2":"type-product","3":"status-publish","4":"has-post-thumbnail","6":"product_cat-equipements-pour-professionnel","7":"product_cat-life-fitness-musculaires","8":"product_cat-optima","10":"first","11":"instock","12":"shipping-taxable","13":"purchasable","14":"product-type-simple"},"_links":{"self":[{"href":"https:\/\/kinequip.ca\/index.php?rest_route=\/wp\/v2\/product\/527","targetHints":{"allow":["GET"]}}],"collection":[{"href":"https:\/\/kinequip.ca\/index.php?rest_route=\/wp\/v2\/product"}],"about":[{"href":"https:\/\/kinequip.ca\/index.php?rest_route=\/wp\/v2\/types\/product"}],"replies":[{"embeddable":true,"href":"https:\/\/kinequip.ca\/index.php?rest_route=%2Fwp%2Fv2%2Fcomments&post=527"}],"wp:featuredmedia":[{"embeddable":true,"href":"https:\/\/kinequip.ca\/index.php?rest_route=\/wp\/v2\/media\/557"}],"wp:attachment":[{"href":"https:\/\/kinequip.ca\/index.php?rest_route=%2Fwp%2Fv2%2Fmedia&parent=527"}],"wp:term":[{"taxonomy":"product_brand","embeddable":true,"href":"https:\/\/kinequip.ca\/index.php?rest_route=%2Fwp%2Fv2%2Fproduct_brand&post=527"},{"taxonomy":"product_cat","embeddable":true,"href":"https:\/\/kinequip.ca\/index.php?rest_route=%2Fwp%2Fv2%2Fproduct_cat&post=527"},{"taxonomy":"product_tag","embeddable":true,"href":"https:\/\/kinequip.ca\/index.php?rest_route=%2Fwp%2Fv2%2Fproduct_tag&post=527"}],"curies":[{"name":"wp","href":"https:\/\/api.w.org\/{rel}","templated":true}]}}