{"id":524,"date":"2025-01-31T15:29:34","date_gmt":"2025-01-31T15:29:34","guid":{"rendered":"https:\/\/dev.kinequip.ca\/?post_type=product&#038;p=524"},"modified":"2025-01-31T15:29:38","modified_gmt":"2025-01-31T15:29:38","slug":"leg-curl-serie-optima","status":"publish","type":"product","link":"https:\/\/kinequip.ca\/?product=leg-curl-serie-optima","title":{"rendered":"Leg Curl S\u00e9rie Optima"},"content":{"rendered":"<p>Le Leg Curl S\u00e9rie Optima renforce les muscles ischio-jambiers, en faisant appel \u00e0 une position ventre en bas. L&rsquo;aspect \u00e9pur\u00e9 et attrayant de l&rsquo;\u00e9quipement de renforcement s\u00e9lectionn\u00e9 S\u00e9rie Optima offre une excellente solution pour tous les sites.<\/p>\n","protected":false},"excerpt":{"rendered":"<p>Le Leg Curl S\u00e9rie Optima renforce les muscles ischio-jambiers, en faisant appel \u00e0 une position ventre en bas. L&rsquo;aspect \u00e9pur\u00e9 et attrayant de l&rsquo;\u00e9quipement de renforcement s\u00e9lectionn\u00e9 S\u00e9rie Optima offre une excellente solution pour tous les sites.<\/p>\n","protected":false},"featured_media":554,"comment_status":"open","ping_status":"closed","template":"","meta":[],"product_brand":[],"product_cat":[34,52,53],"product_tag":[],"class_list":{"0":"post-524","1":"product","2":"type-product","3":"status-publish","4":"has-post-thumbnail","6":"product_cat-equipements-pour-professionnel","7":"product_cat-life-fitness-musculaires","8":"product_cat-optima","10":"first","11":"instock","12":"shipping-taxable","13":"purchasable","14":"product-type-simple"},"_links":{"self":[{"href":"https:\/\/kinequip.ca\/index.php?rest_route=\/wp\/v2\/product\/524","targetHints":{"allow":["GET"]}}],"collection":[{"href":"https:\/\/kinequip.ca\/index.php?rest_route=\/wp\/v2\/product"}],"about":[{"href":"https:\/\/kinequip.ca\/index.php?rest_route=\/wp\/v2\/types\/product"}],"replies":[{"embeddable":true,"href":"https:\/\/kinequip.ca\/index.php?rest_route=%2Fwp%2Fv2%2Fcomments&post=524"}],"wp:featuredmedia":[{"embeddable":true,"href":"https:\/\/kinequip.ca\/index.php?rest_route=\/wp\/v2\/media\/554"}],"wp:attachment":[{"href":"https:\/\/kinequip.ca\/index.php?rest_route=%2Fwp%2Fv2%2Fmedia&parent=524"}],"wp:term":[{"taxonomy":"product_brand","embeddable":true,"href":"https:\/\/kinequip.ca\/index.php?rest_route=%2Fwp%2Fv2%2Fproduct_brand&post=524"},{"taxonomy":"product_cat","embeddable":true,"href":"https:\/\/kinequip.ca\/index.php?rest_route=%2Fwp%2Fv2%2Fproduct_cat&post=524"},{"taxonomy":"product_tag","embeddable":true,"href":"https:\/\/kinequip.ca\/index.php?rest_route=%2Fwp%2Fv2%2Fproduct_tag&post=524"}],"curies":[{"name":"wp","href":"https:\/\/api.w.org\/{rel}","templated":true}]}}