{"id":492,"date":"2025-01-31T15:29:22","date_gmt":"2025-01-31T15:29:22","guid":{"rendered":"https:\/\/dev.kinequip.ca\/?post_type=product&#038;p=492"},"modified":"2025-01-31T15:29:34","modified_gmt":"2025-01-31T15:29:34","slug":"leg-press-serie-optima","status":"publish","type":"product","link":"https:\/\/kinequip.ca\/?product=leg-press-serie-optima","title":{"rendered":"Leg Press S\u00e9rie Optima"},"content":{"rendered":"<p>Le Leg Press S\u00e9rie Optima offre un entra\u00eenement efficace pour le bas du corps. L&rsquo;aspect \u00e9pur\u00e9 et attrayant de l&rsquo;\u00e9quipement de renforcement s\u00e9lectionn\u00e9 S\u00e9rie Optima offre une excellente solution pour tous les sites.<\/p>\n","protected":false},"excerpt":{"rendered":"<p>Le Leg Press S\u00e9rie Optima offre un entra\u00eenement efficace pour le bas du corps. L&rsquo;aspect \u00e9pur\u00e9 et attrayant de l&rsquo;\u00e9quipement de renforcement s\u00e9lectionn\u00e9 S\u00e9rie Optima offre une excellente solution pour tous les sites.<\/p>\n","protected":false},"featured_media":522,"comment_status":"open","ping_status":"closed","template":"","meta":[],"product_brand":[],"product_cat":[34,52,53],"product_tag":[],"class_list":{"0":"post-492","1":"product","2":"type-product","3":"status-publish","4":"has-post-thumbnail","6":"product_cat-equipements-pour-professionnel","7":"product_cat-life-fitness-musculaires","8":"product_cat-optima","10":"first","11":"instock","12":"shipping-taxable","13":"purchasable","14":"product-type-simple"},"_links":{"self":[{"href":"https:\/\/kinequip.ca\/index.php?rest_route=\/wp\/v2\/product\/492","targetHints":{"allow":["GET"]}}],"collection":[{"href":"https:\/\/kinequip.ca\/index.php?rest_route=\/wp\/v2\/product"}],"about":[{"href":"https:\/\/kinequip.ca\/index.php?rest_route=\/wp\/v2\/types\/product"}],"replies":[{"embeddable":true,"href":"https:\/\/kinequip.ca\/index.php?rest_route=%2Fwp%2Fv2%2Fcomments&post=492"}],"wp:featuredmedia":[{"embeddable":true,"href":"https:\/\/kinequip.ca\/index.php?rest_route=\/wp\/v2\/media\/522"}],"wp:attachment":[{"href":"https:\/\/kinequip.ca\/index.php?rest_route=%2Fwp%2Fv2%2Fmedia&parent=492"}],"wp:term":[{"taxonomy":"product_brand","embeddable":true,"href":"https:\/\/kinequip.ca\/index.php?rest_route=%2Fwp%2Fv2%2Fproduct_brand&post=492"},{"taxonomy":"product_cat","embeddable":true,"href":"https:\/\/kinequip.ca\/index.php?rest_route=%2Fwp%2Fv2%2Fproduct_cat&post=492"},{"taxonomy":"product_tag","embeddable":true,"href":"https:\/\/kinequip.ca\/index.php?rest_route=%2Fwp%2Fv2%2Fproduct_tag&post=492"}],"curies":[{"name":"wp","href":"https:\/\/api.w.org\/{rel}","templated":true}]}}