{"id":491,"date":"2025-01-31T15:29:22","date_gmt":"2025-01-31T15:29:22","guid":{"rendered":"https:\/\/dev.kinequip.ca\/?post_type=product&#038;p=491"},"modified":"2025-01-31T15:29:33","modified_gmt":"2025-01-31T15:29:33","slug":"biceps-curl-serie-optima","status":"publish","type":"product","link":"https:\/\/kinequip.ca\/?product=biceps-curl-serie-optima","title":{"rendered":"Biceps Curl S\u00e9rie Optima"},"content":{"rendered":"<p>Le Biceps Curl S\u00e9rie Optima poss\u00e8de des poign\u00e9es auto-aligneuses qui s&rsquo;adaptent \u00e0 de nombreuses longueurs d&rsquo;avant-bras. La conception \u00e9l\u00e9gante est attrayante pour les utilisateurs de tous niveaux et comp\u00e9tences en fitness.<\/p>\n","protected":false},"excerpt":{"rendered":"<p>Le Biceps Curl S\u00e9rie Optima poss\u00e8de des poign\u00e9es auto-aligneuses qui s&rsquo;adaptent \u00e0 de nombreuses longueurs d&rsquo;avant-bras. La conception \u00e9l\u00e9gante est attrayante pour les utilisateurs de tous niveaux et comp\u00e9tences en fitness.<\/p>\n","protected":false},"featured_media":521,"comment_status":"open","ping_status":"closed","template":"","meta":[],"product_brand":[],"product_cat":[34,52,53],"product_tag":[],"class_list":{"0":"post-491","1":"product","2":"type-product","3":"status-publish","4":"has-post-thumbnail","6":"product_cat-equipements-pour-professionnel","7":"product_cat-life-fitness-musculaires","8":"product_cat-optima","10":"first","11":"instock","12":"shipping-taxable","13":"purchasable","14":"product-type-simple"},"_links":{"self":[{"href":"https:\/\/kinequip.ca\/index.php?rest_route=\/wp\/v2\/product\/491","targetHints":{"allow":["GET"]}}],"collection":[{"href":"https:\/\/kinequip.ca\/index.php?rest_route=\/wp\/v2\/product"}],"about":[{"href":"https:\/\/kinequip.ca\/index.php?rest_route=\/wp\/v2\/types\/product"}],"replies":[{"embeddable":true,"href":"https:\/\/kinequip.ca\/index.php?rest_route=%2Fwp%2Fv2%2Fcomments&post=491"}],"wp:featuredmedia":[{"embeddable":true,"href":"https:\/\/kinequip.ca\/index.php?rest_route=\/wp\/v2\/media\/521"}],"wp:attachment":[{"href":"https:\/\/kinequip.ca\/index.php?rest_route=%2Fwp%2Fv2%2Fmedia&parent=491"}],"wp:term":[{"taxonomy":"product_brand","embeddable":true,"href":"https:\/\/kinequip.ca\/index.php?rest_route=%2Fwp%2Fv2%2Fproduct_brand&post=491"},{"taxonomy":"product_cat","embeddable":true,"href":"https:\/\/kinequip.ca\/index.php?rest_route=%2Fwp%2Fv2%2Fproduct_cat&post=491"},{"taxonomy":"product_tag","embeddable":true,"href":"https:\/\/kinequip.ca\/index.php?rest_route=%2Fwp%2Fv2%2Fproduct_tag&post=491"}],"curies":[{"name":"wp","href":"https:\/\/api.w.org\/{rel}","templated":true}]}}