{"id":489,"date":"2025-01-31T15:29:22","date_gmt":"2025-01-31T15:29:22","guid":{"rendered":"https:\/\/dev.kinequip.ca\/?post_type=product&#038;p=489"},"modified":"2025-01-31T15:29:33","modified_gmt":"2025-01-31T15:29:33","slug":"iso-lateral-leg-extension-mts-hammer-strength","status":"publish","type":"product","link":"https:\/\/kinequip.ca\/?product=iso-lateral-leg-extension-mts-hammer-strength","title":{"rendered":"Iso-Lateral Leg Extension MTS Hammer Strength"},"content":{"rendered":"<p>L&rsquo;Iso-Lateral Leg Extension MTS est dot\u00e9 de supports de poids s\u00e9par\u00e9s qui permettent des mouvements divergents pour une biom\u00e9canique optimale. Les ajustements de la plage de d\u00e9part permettent aux utilisateurs de d\u00e9terminer leur propre plage de mouvement, tandis que les mouvements ind\u00e9pendants offrent diff\u00e9rents exercices \u00e0 une jambe.<\/p>\n","protected":false},"excerpt":{"rendered":"<p>L&rsquo;Iso-Lateral Leg Extension MTS est dot\u00e9 de supports de poids s\u00e9par\u00e9s qui permettent des mouvements divergents pour une biom\u00e9canique optimale. Les ajustements de la plage de d\u00e9part permettent aux utilisateurs de d\u00e9terminer leur propre plage de mouvement, tandis que les mouvements ind\u00e9pendants offrent diff\u00e9rents exercices \u00e0 une jambe.<\/p>\n","protected":false},"featured_media":519,"comment_status":"open","ping_status":"closed","template":"","meta":[],"product_brand":[],"product_cat":[34,46,54],"product_tag":[],"class_list":{"0":"post-489","1":"product","2":"type-product","3":"status-publish","4":"has-post-thumbnail","6":"product_cat-equipements-pour-professionnel","7":"product_cat-hammer-strength-equipements-pour-professionnel","8":"product_cat-mts-motion-technology-selectorize","10":"first","11":"instock","12":"shipping-taxable","13":"purchasable","14":"product-type-simple"},"_links":{"self":[{"href":"https:\/\/kinequip.ca\/index.php?rest_route=\/wp\/v2\/product\/489","targetHints":{"allow":["GET"]}}],"collection":[{"href":"https:\/\/kinequip.ca\/index.php?rest_route=\/wp\/v2\/product"}],"about":[{"href":"https:\/\/kinequip.ca\/index.php?rest_route=\/wp\/v2\/types\/product"}],"replies":[{"embeddable":true,"href":"https:\/\/kinequip.ca\/index.php?rest_route=%2Fwp%2Fv2%2Fcomments&post=489"}],"wp:featuredmedia":[{"embeddable":true,"href":"https:\/\/kinequip.ca\/index.php?rest_route=\/wp\/v2\/media\/519"}],"wp:attachment":[{"href":"https:\/\/kinequip.ca\/index.php?rest_route=%2Fwp%2Fv2%2Fmedia&parent=489"}],"wp:term":[{"taxonomy":"product_brand","embeddable":true,"href":"https:\/\/kinequip.ca\/index.php?rest_route=%2Fwp%2Fv2%2Fproduct_brand&post=489"},{"taxonomy":"product_cat","embeddable":true,"href":"https:\/\/kinequip.ca\/index.php?rest_route=%2Fwp%2Fv2%2Fproduct_cat&post=489"},{"taxonomy":"product_tag","embeddable":true,"href":"https:\/\/kinequip.ca\/index.php?rest_route=%2Fwp%2Fv2%2Fproduct_tag&post=489"}],"curies":[{"name":"wp","href":"https:\/\/api.w.org\/{rel}","templated":true}]}}