{"id":480,"date":"2025-01-31T15:29:21","date_gmt":"2025-01-31T15:29:21","guid":{"rendered":"https:\/\/dev.kinequip.ca\/?post_type=product&#038;p=480"},"modified":"2025-01-31T15:29:29","modified_gmt":"2025-01-31T15:29:29","slug":"iso-lateral-front-pulldown-mts-hammer-strength","status":"publish","type":"product","link":"https:\/\/kinequip.ca\/?product=iso-lateral-front-pulldown-mts-hammer-strength","title":{"rendered":"Iso-lateral Front Pulldown MTS Hammer Strength"},"content":{"rendered":"<p>L&rsquo;Iso-Lateral Front Pulldown MTS est dot\u00e9 de supports de poids s\u00e9par\u00e9s qui permettent des mouvements divergents et convergents ind\u00e9pendants. Il offre une amplitude de mouvement unique et des poign\u00e9es inf\u00e9rieures pour fournir une meilleure variante et un placement neutre du poignet.<\/p>\n","protected":false},"excerpt":{"rendered":"<p>L&rsquo;Iso-Lateral Front Pulldown MTS est dot\u00e9 de supports de poids s\u00e9par\u00e9s qui permettent des mouvements divergents et convergents ind\u00e9pendants. Il offre une amplitude de mouvement unique et des poign\u00e9es inf\u00e9rieures pour fournir une meilleure variante et un placement neutre du poignet.<\/p>\n","protected":false},"featured_media":510,"comment_status":"open","ping_status":"closed","template":"","meta":[],"product_brand":[],"product_cat":[34,46,54],"product_tag":[],"class_list":{"0":"post-480","1":"product","2":"type-product","3":"status-publish","4":"has-post-thumbnail","6":"product_cat-equipements-pour-professionnel","7":"product_cat-hammer-strength-equipements-pour-professionnel","8":"product_cat-mts-motion-technology-selectorize","10":"first","11":"instock","12":"shipping-taxable","13":"purchasable","14":"product-type-simple"},"_links":{"self":[{"href":"https:\/\/kinequip.ca\/index.php?rest_route=\/wp\/v2\/product\/480","targetHints":{"allow":["GET"]}}],"collection":[{"href":"https:\/\/kinequip.ca\/index.php?rest_route=\/wp\/v2\/product"}],"about":[{"href":"https:\/\/kinequip.ca\/index.php?rest_route=\/wp\/v2\/types\/product"}],"replies":[{"embeddable":true,"href":"https:\/\/kinequip.ca\/index.php?rest_route=%2Fwp%2Fv2%2Fcomments&post=480"}],"wp:featuredmedia":[{"embeddable":true,"href":"https:\/\/kinequip.ca\/index.php?rest_route=\/wp\/v2\/media\/510"}],"wp:attachment":[{"href":"https:\/\/kinequip.ca\/index.php?rest_route=%2Fwp%2Fv2%2Fmedia&parent=480"}],"wp:term":[{"taxonomy":"product_brand","embeddable":true,"href":"https:\/\/kinequip.ca\/index.php?rest_route=%2Fwp%2Fv2%2Fproduct_brand&post=480"},{"taxonomy":"product_cat","embeddable":true,"href":"https:\/\/kinequip.ca\/index.php?rest_route=%2Fwp%2Fv2%2Fproduct_cat&post=480"},{"taxonomy":"product_tag","embeddable":true,"href":"https:\/\/kinequip.ca\/index.php?rest_route=%2Fwp%2Fv2%2Fproduct_tag&post=480"}],"curies":[{"name":"wp","href":"https:\/\/api.w.org\/{rel}","templated":true}]}}