{"id":479,"date":"2025-01-31T15:29:21","date_gmt":"2025-01-31T15:29:21","guid":{"rendered":"https:\/\/dev.kinequip.ca\/?post_type=product&#038;p=479"},"modified":"2025-01-31T15:29:29","modified_gmt":"2025-01-31T15:29:29","slug":"iso-lateral-shoulder-press-mts-hammer-strength","status":"publish","type":"product","link":"https:\/\/kinequip.ca\/?product=iso-lateral-shoulder-press-mts-hammer-strength","title":{"rendered":"Iso-Lateral Shoulder Press MTS Hammer Strength"},"content":{"rendered":"<p>L&rsquo;Iso-Lateral Shoulder Press MTS est dot\u00e9 de supports de poids s\u00e9par\u00e9s qui permettent des mouvements divergents et convergents ind\u00e9pendants. Les bras d&rsquo;entra\u00eenement sont contre-balanc\u00e9s afin de r\u00e9duire la r\u00e9sistance de d\u00e9part pour les utilisateurs, tandis que les pivots sur les poign\u00e9es facilitent l&rsquo;acc\u00e8s.<\/p>\n","protected":false},"excerpt":{"rendered":"<p>L&rsquo;Iso-Lateral Shoulder Press MTS est dot\u00e9 de supports de poids s\u00e9par\u00e9s qui permettent des mouvements divergents et convergents ind\u00e9pendants. Les bras d&rsquo;entra\u00eenement sont contre-balanc\u00e9s afin de r\u00e9duire la r\u00e9sistance de d\u00e9part pour les utilisateurs, tandis que les pivots sur les poign\u00e9es facilitent l&rsquo;acc\u00e8s.<\/p>\n","protected":false},"featured_media":509,"comment_status":"open","ping_status":"closed","template":"","meta":[],"product_brand":[],"product_cat":[34,46,54],"product_tag":[],"class_list":{"0":"post-479","1":"product","2":"type-product","3":"status-publish","4":"has-post-thumbnail","6":"product_cat-equipements-pour-professionnel","7":"product_cat-hammer-strength-equipements-pour-professionnel","8":"product_cat-mts-motion-technology-selectorize","10":"first","11":"instock","12":"shipping-taxable","13":"purchasable","14":"product-type-simple"},"_links":{"self":[{"href":"https:\/\/kinequip.ca\/index.php?rest_route=\/wp\/v2\/product\/479","targetHints":{"allow":["GET"]}}],"collection":[{"href":"https:\/\/kinequip.ca\/index.php?rest_route=\/wp\/v2\/product"}],"about":[{"href":"https:\/\/kinequip.ca\/index.php?rest_route=\/wp\/v2\/types\/product"}],"replies":[{"embeddable":true,"href":"https:\/\/kinequip.ca\/index.php?rest_route=%2Fwp%2Fv2%2Fcomments&post=479"}],"wp:featuredmedia":[{"embeddable":true,"href":"https:\/\/kinequip.ca\/index.php?rest_route=\/wp\/v2\/media\/509"}],"wp:attachment":[{"href":"https:\/\/kinequip.ca\/index.php?rest_route=%2Fwp%2Fv2%2Fmedia&parent=479"}],"wp:term":[{"taxonomy":"product_brand","embeddable":true,"href":"https:\/\/kinequip.ca\/index.php?rest_route=%2Fwp%2Fv2%2Fproduct_brand&post=479"},{"taxonomy":"product_cat","embeddable":true,"href":"https:\/\/kinequip.ca\/index.php?rest_route=%2Fwp%2Fv2%2Fproduct_cat&post=479"},{"taxonomy":"product_tag","embeddable":true,"href":"https:\/\/kinequip.ca\/index.php?rest_route=%2Fwp%2Fv2%2Fproduct_tag&post=479"}],"curies":[{"name":"wp","href":"https:\/\/api.w.org\/{rel}","templated":true}]}}