{"id":477,"date":"2025-01-31T15:29:21","date_gmt":"2025-01-31T15:29:21","guid":{"rendered":"https:\/\/dev.kinequip.ca\/?post_type=product&#038;p=477"},"modified":"2025-01-31T15:29:28","modified_gmt":"2025-01-31T15:29:28","slug":"iso-lateral-incline-press-mts-hammer-strength","status":"publish","type":"product","link":"https:\/\/kinequip.ca\/?product=iso-lateral-incline-press-mts-hammer-strength","title":{"rendered":"Iso-Lateral Incline Press MTS Hammer Strength"},"content":{"rendered":"<p>L&rsquo;Iso-Lateral Incline Press MTS a \u00e9t\u00e9 con\u00e7u \u00e0 partir du mouvement humain. Des supports de poids s\u00e9par\u00e9s permettent des mouvements de presse divergents et convergents ind\u00e9pendants pour le d\u00e9veloppement de forces \u00e9gales et une vari\u00e9t\u00e9 de stimulations musculaires. Le pivot sup\u00e9rieur fournit un mouvement naturel de l&rsquo;\u00e9paule, et le dossier du si\u00e8ge est inclin\u00e9 pour faciliter l&rsquo;acc\u00e8s.<\/p>\n","protected":false},"excerpt":{"rendered":"<p>L&rsquo;Iso-Lateral Incline Press MTS a \u00e9t\u00e9 con\u00e7u \u00e0 partir du mouvement humain. Des supports de poids s\u00e9par\u00e9s permettent des mouvements de presse divergents et convergents ind\u00e9pendants pour le d\u00e9veloppement de forces \u00e9gales et une vari\u00e9t\u00e9 de stimulations musculaires. Le pivot sup\u00e9rieur fournit un mouvement naturel de l&rsquo;\u00e9paule, et le dossier du si\u00e8ge est inclin\u00e9 pour [&hellip;]<\/p>\n","protected":false},"featured_media":507,"comment_status":"open","ping_status":"closed","template":"","meta":[],"product_brand":[],"product_cat":[34,46,54],"product_tag":[],"class_list":{"0":"post-477","1":"product","2":"type-product","3":"status-publish","4":"has-post-thumbnail","6":"product_cat-equipements-pour-professionnel","7":"product_cat-hammer-strength-equipements-pour-professionnel","8":"product_cat-mts-motion-technology-selectorize","10":"first","11":"instock","12":"shipping-taxable","13":"purchasable","14":"product-type-simple"},"_links":{"self":[{"href":"https:\/\/kinequip.ca\/index.php?rest_route=\/wp\/v2\/product\/477","targetHints":{"allow":["GET"]}}],"collection":[{"href":"https:\/\/kinequip.ca\/index.php?rest_route=\/wp\/v2\/product"}],"about":[{"href":"https:\/\/kinequip.ca\/index.php?rest_route=\/wp\/v2\/types\/product"}],"replies":[{"embeddable":true,"href":"https:\/\/kinequip.ca\/index.php?rest_route=%2Fwp%2Fv2%2Fcomments&post=477"}],"wp:featuredmedia":[{"embeddable":true,"href":"https:\/\/kinequip.ca\/index.php?rest_route=\/wp\/v2\/media\/507"}],"wp:attachment":[{"href":"https:\/\/kinequip.ca\/index.php?rest_route=%2Fwp%2Fv2%2Fmedia&parent=477"}],"wp:term":[{"taxonomy":"product_brand","embeddable":true,"href":"https:\/\/kinequip.ca\/index.php?rest_route=%2Fwp%2Fv2%2Fproduct_brand&post=477"},{"taxonomy":"product_cat","embeddable":true,"href":"https:\/\/kinequip.ca\/index.php?rest_route=%2Fwp%2Fv2%2Fproduct_cat&post=477"},{"taxonomy":"product_tag","embeddable":true,"href":"https:\/\/kinequip.ca\/index.php?rest_route=%2Fwp%2Fv2%2Fproduct_tag&post=477"}],"curies":[{"name":"wp","href":"https:\/\/api.w.org\/{rel}","templated":true}]}}