{"id":476,"date":"2025-01-31T15:29:21","date_gmt":"2025-01-31T15:29:21","guid":{"rendered":"https:\/\/dev.kinequip.ca\/?post_type=product&#038;p=476"},"modified":"2025-01-31T15:29:28","modified_gmt":"2025-01-31T15:29:28","slug":"rack-pour-accessoires-a-3-niveaux-serie-optima","status":"publish","type":"product","link":"https:\/\/kinequip.ca\/?product=rack-pour-accessoires-a-3-niveaux-serie-optima","title":{"rendered":"Rack pour accessoires \u00e0 3 niveaux S\u00e9rie Optima"},"content":{"rendered":"<ul>\n<li>Les plateaux de rangement accueillent diff\u00e9rents accessoires tels que des kettlebells, slam bells, wall balls, etc.<\/li>\n<li>Rack pratique et peu encombrant<\/li>\n<li>L&rsquo;angle \u00e0 l&rsquo;avant et \u00e0 l&rsquo;arri\u00e8re des \u00e9tag\u00e8res permet de maintenir les accessoires en place<\/li>\n<li>Les pieds en caoutchouc permettent de maintenir le rack bien en place tout en prot\u00e9geant le sol et le ch\u00e2ssis<\/li>\n<li>Avec son encombrement r\u00e9duit, ce rack est id\u00e9al pour les petits espaces d&rsquo;entra\u00eenement<\/li>\n<li>Capacit\u00e9 max. par niveau\u00a0: 120\u00a0kg (270\u00a0lb)<\/li>\n<\/ul>\n","protected":false},"excerpt":{"rendered":"<p>Les plateaux de rangement accueillent diff\u00e9rents accessoires tels que des kettlebells, slam bells, wall balls, etc. Rack pratique et peu encombrant L&rsquo;angle \u00e0 l&rsquo;avant et \u00e0 l&rsquo;arri\u00e8re des \u00e9tag\u00e8res permet de maintenir les accessoires en place Les pieds en caoutchouc permettent de maintenir le rack bien en place tout en prot\u00e9geant le sol et le [&hellip;]<\/p>\n","protected":false},"featured_media":506,"comment_status":"open","ping_status":"closed","template":"","meta":[],"product_brand":[],"product_cat":[48,34,52,53],"product_tag":[],"class_list":{"0":"post-476","1":"product","2":"type-product","3":"status-publish","4":"has-post-thumbnail","6":"product_cat-bancs-support","7":"product_cat-equipements-pour-professionnel","8":"product_cat-life-fitness-musculaires","9":"product_cat-optima","11":"first","12":"instock","13":"shipping-taxable","14":"purchasable","15":"product-type-simple"},"_links":{"self":[{"href":"https:\/\/kinequip.ca\/index.php?rest_route=\/wp\/v2\/product\/476","targetHints":{"allow":["GET"]}}],"collection":[{"href":"https:\/\/kinequip.ca\/index.php?rest_route=\/wp\/v2\/product"}],"about":[{"href":"https:\/\/kinequip.ca\/index.php?rest_route=\/wp\/v2\/types\/product"}],"replies":[{"embeddable":true,"href":"https:\/\/kinequip.ca\/index.php?rest_route=%2Fwp%2Fv2%2Fcomments&post=476"}],"wp:featuredmedia":[{"embeddable":true,"href":"https:\/\/kinequip.ca\/index.php?rest_route=\/wp\/v2\/media\/506"}],"wp:attachment":[{"href":"https:\/\/kinequip.ca\/index.php?rest_route=%2Fwp%2Fv2%2Fmedia&parent=476"}],"wp:term":[{"taxonomy":"product_brand","embeddable":true,"href":"https:\/\/kinequip.ca\/index.php?rest_route=%2Fwp%2Fv2%2Fproduct_brand&post=476"},{"taxonomy":"product_cat","embeddable":true,"href":"https:\/\/kinequip.ca\/index.php?rest_route=%2Fwp%2Fv2%2Fproduct_cat&post=476"},{"taxonomy":"product_tag","embeddable":true,"href":"https:\/\/kinequip.ca\/index.php?rest_route=%2Fwp%2Fv2%2Fproduct_tag&post=476"}],"curies":[{"name":"wp","href":"https:\/\/api.w.org\/{rel}","templated":true}]}}