{"id":470,"date":"2025-01-31T15:29:20","date_gmt":"2025-01-31T15:29:20","guid":{"rendered":"https:\/\/dev.kinequip.ca\/?post_type=product&#038;p=470"},"modified":"2025-01-31T15:29:25","modified_gmt":"2025-01-31T15:29:25","slug":"rack-vertical-pour-ballons-de-gym-serie-optima","status":"publish","type":"product","link":"https:\/\/kinequip.ca\/?product=rack-vertical-pour-ballons-de-gym-serie-optima","title":{"rendered":"Rack vertical pour ballons de gym S\u00e9rie Optima"},"content":{"rendered":"<ul>\n<li>Permet de ranger 5\u00a0ballons de gym (d&rsquo;un diam\u00e8tre max. de 10,5&Prime;)<\/li>\n<li>Le stockage vertical permet un acc\u00e8s facile dans un format compact<\/li>\n<li>L&rsquo;encombrement r\u00e9duit est id\u00e9al pour les petits espaces d&rsquo;entra\u00eenement<\/li>\n<li>Capacit\u00e9 max.*\u00a0: 45\u00a0kg (100\u00a0lb)<\/li>\n<\/ul>\n<p>*La capacit\u00e9 max. correspond \u00e0 chaque anneau supportant un ballon de gym de 20\u00a0lb<\/p>\n","protected":false},"excerpt":{"rendered":"<p>Permet de ranger 5\u00a0ballons de gym (d&rsquo;un diam\u00e8tre max. de 10,5&Prime;) Le stockage vertical permet un acc\u00e8s facile dans un format compact L&rsquo;encombrement r\u00e9duit est id\u00e9al pour les petits espaces d&rsquo;entra\u00eenement Capacit\u00e9 max.*\u00a0: 45\u00a0kg (100\u00a0lb) *La capacit\u00e9 max. correspond \u00e0 chaque anneau supportant un ballon de gym de 20\u00a0lb<\/p>\n","protected":false},"featured_media":500,"comment_status":"open","ping_status":"closed","template":"","meta":[],"product_brand":[],"product_cat":[48,34,52,53],"product_tag":[],"class_list":{"0":"post-470","1":"product","2":"type-product","3":"status-publish","4":"has-post-thumbnail","6":"product_cat-bancs-support","7":"product_cat-equipements-pour-professionnel","8":"product_cat-life-fitness-musculaires","9":"product_cat-optima","11":"first","12":"instock","13":"shipping-taxable","14":"purchasable","15":"product-type-simple"},"_links":{"self":[{"href":"https:\/\/kinequip.ca\/index.php?rest_route=\/wp\/v2\/product\/470","targetHints":{"allow":["GET"]}}],"collection":[{"href":"https:\/\/kinequip.ca\/index.php?rest_route=\/wp\/v2\/product"}],"about":[{"href":"https:\/\/kinequip.ca\/index.php?rest_route=\/wp\/v2\/types\/product"}],"replies":[{"embeddable":true,"href":"https:\/\/kinequip.ca\/index.php?rest_route=%2Fwp%2Fv2%2Fcomments&post=470"}],"wp:featuredmedia":[{"embeddable":true,"href":"https:\/\/kinequip.ca\/index.php?rest_route=\/wp\/v2\/media\/500"}],"wp:attachment":[{"href":"https:\/\/kinequip.ca\/index.php?rest_route=%2Fwp%2Fv2%2Fmedia&parent=470"}],"wp:term":[{"taxonomy":"product_brand","embeddable":true,"href":"https:\/\/kinequip.ca\/index.php?rest_route=%2Fwp%2Fv2%2Fproduct_brand&post=470"},{"taxonomy":"product_cat","embeddable":true,"href":"https:\/\/kinequip.ca\/index.php?rest_route=%2Fwp%2Fv2%2Fproduct_cat&post=470"},{"taxonomy":"product_tag","embeddable":true,"href":"https:\/\/kinequip.ca\/index.php?rest_route=%2Fwp%2Fv2%2Fproduct_tag&post=470"}],"curies":[{"name":"wp","href":"https:\/\/api.w.org\/{rel}","templated":true}]}}