{"id":469,"date":"2025-01-31T15:29:20","date_gmt":"2025-01-31T15:29:20","guid":{"rendered":"https:\/\/dev.kinequip.ca\/?post_type=product&#038;p=469"},"modified":"2025-01-31T15:29:25","modified_gmt":"2025-01-31T15:29:25","slug":"rack-pour-halteres-hex-a-3-niveaux-serie-optima","status":"publish","type":"product","link":"https:\/\/kinequip.ca\/?product=rack-pour-halteres-hex-a-3-niveaux-serie-optima","title":{"rendered":"Rack pour halt\u00e8res Hex \u00e0 3 niveaux S\u00e9rie Optima"},"content":{"rendered":"<p>Le Rack pour halt\u00e8res Hex \u00e0 3\u00a0niveaux S\u00e9rie Optima est dot\u00e9 d&rsquo;un ch\u00e2ssis fin et \u00e9l\u00e9gant qui permet de ranger un jeu de paires d&rsquo;halt\u00e8res Hex (2,5 \u00e0 25\u00a0kg, 5 \u00e0 50\u00a0lb).<\/p>\n","protected":false},"excerpt":{"rendered":"<p>Le Rack pour halt\u00e8res Hex \u00e0 3\u00a0niveaux S\u00e9rie Optima est dot\u00e9 d&rsquo;un ch\u00e2ssis fin et \u00e9l\u00e9gant qui permet de ranger un jeu de paires d&rsquo;halt\u00e8res Hex (2,5 \u00e0 25\u00a0kg, 5 \u00e0 50\u00a0lb).<\/p>\n","protected":false},"featured_media":499,"comment_status":"open","ping_status":"closed","template":"","meta":[],"product_brand":[],"product_cat":[48,34,52,53],"product_tag":[],"class_list":{"0":"post-469","1":"product","2":"type-product","3":"status-publish","4":"has-post-thumbnail","6":"product_cat-bancs-support","7":"product_cat-equipements-pour-professionnel","8":"product_cat-life-fitness-musculaires","9":"product_cat-optima","11":"first","12":"instock","13":"shipping-taxable","14":"purchasable","15":"product-type-simple"},"_links":{"self":[{"href":"https:\/\/kinequip.ca\/index.php?rest_route=\/wp\/v2\/product\/469","targetHints":{"allow":["GET"]}}],"collection":[{"href":"https:\/\/kinequip.ca\/index.php?rest_route=\/wp\/v2\/product"}],"about":[{"href":"https:\/\/kinequip.ca\/index.php?rest_route=\/wp\/v2\/types\/product"}],"replies":[{"embeddable":true,"href":"https:\/\/kinequip.ca\/index.php?rest_route=%2Fwp%2Fv2%2Fcomments&post=469"}],"wp:featuredmedia":[{"embeddable":true,"href":"https:\/\/kinequip.ca\/index.php?rest_route=\/wp\/v2\/media\/499"}],"wp:attachment":[{"href":"https:\/\/kinequip.ca\/index.php?rest_route=%2Fwp%2Fv2%2Fmedia&parent=469"}],"wp:term":[{"taxonomy":"product_brand","embeddable":true,"href":"https:\/\/kinequip.ca\/index.php?rest_route=%2Fwp%2Fv2%2Fproduct_brand&post=469"},{"taxonomy":"product_cat","embeddable":true,"href":"https:\/\/kinequip.ca\/index.php?rest_route=%2Fwp%2Fv2%2Fproduct_cat&post=469"},{"taxonomy":"product_tag","embeddable":true,"href":"https:\/\/kinequip.ca\/index.php?rest_route=%2Fwp%2Fv2%2Fproduct_tag&post=469"}],"curies":[{"name":"wp","href":"https:\/\/api.w.org\/{rel}","templated":true}]}}