{"id":467,"date":"2025-01-31T15:29:20","date_gmt":"2025-01-31T15:29:20","guid":{"rendered":"https:\/\/dev.kinequip.ca\/?post_type=product&#038;p=467"},"modified":"2025-01-31T15:29:24","modified_gmt":"2025-01-31T15:29:24","slug":"abdominal-crunch-select-hammer-strength","status":"publish","type":"product","link":"https:\/\/kinequip.ca\/?product=abdominal-crunch-select-hammer-strength","title":{"rendered":"Abdominal Crunch Select Hammer Strength"},"content":{"rendered":"<p>L&rsquo;Abdominal Crunch Select Hammer Strength joue un r\u00f4le fondamental dans la progression de l&rsquo;entra\u00eenement musculaire. L&rsquo;AbCam System r\u00e9plique un mouvement de crunch naturel, le bras de travail contre-balanc\u00e9 fournir une r\u00e9sistance de d\u00e9part faible, et les supports pour les deux pieds accueillent les utilisateurs sans ajustements. Les 22\u00a0pi\u00e8ces de la gamme Hammer Strength Select offrent une introduction attrayante \u00e0 l&rsquo;\u00e9quipement Hammer Strength.<\/p>\n","protected":false},"excerpt":{"rendered":"<p>L&rsquo;Abdominal Crunch Select Hammer Strength joue un r\u00f4le fondamental dans la progression de l&rsquo;entra\u00eenement musculaire. L&rsquo;AbCam System r\u00e9plique un mouvement de crunch naturel, le bras de travail contre-balanc\u00e9 fournir une r\u00e9sistance de d\u00e9part faible, et les supports pour les deux pieds accueillent les utilisateurs sans ajustements. Les 22\u00a0pi\u00e8ces de la gamme Hammer Strength Select offrent [&hellip;]<\/p>\n","protected":false},"featured_media":497,"comment_status":"open","ping_status":"closed","template":"","meta":[],"product_brand":[],"product_cat":[34,51,46],"product_tag":[],"class_list":{"0":"post-467","1":"product","2":"type-product","3":"status-publish","4":"has-post-thumbnail","6":"product_cat-equipements-pour-professionnel","7":"product_cat-hammer-select","8":"product_cat-hammer-strength-equipements-pour-professionnel","10":"first","11":"instock","12":"shipping-taxable","13":"purchasable","14":"product-type-simple"},"_links":{"self":[{"href":"https:\/\/kinequip.ca\/index.php?rest_route=\/wp\/v2\/product\/467","targetHints":{"allow":["GET"]}}],"collection":[{"href":"https:\/\/kinequip.ca\/index.php?rest_route=\/wp\/v2\/product"}],"about":[{"href":"https:\/\/kinequip.ca\/index.php?rest_route=\/wp\/v2\/types\/product"}],"replies":[{"embeddable":true,"href":"https:\/\/kinequip.ca\/index.php?rest_route=%2Fwp%2Fv2%2Fcomments&post=467"}],"wp:featuredmedia":[{"embeddable":true,"href":"https:\/\/kinequip.ca\/index.php?rest_route=\/wp\/v2\/media\/497"}],"wp:attachment":[{"href":"https:\/\/kinequip.ca\/index.php?rest_route=%2Fwp%2Fv2%2Fmedia&parent=467"}],"wp:term":[{"taxonomy":"product_brand","embeddable":true,"href":"https:\/\/kinequip.ca\/index.php?rest_route=%2Fwp%2Fv2%2Fproduct_brand&post=467"},{"taxonomy":"product_cat","embeddable":true,"href":"https:\/\/kinequip.ca\/index.php?rest_route=%2Fwp%2Fv2%2Fproduct_cat&post=467"},{"taxonomy":"product_tag","embeddable":true,"href":"https:\/\/kinequip.ca\/index.php?rest_route=%2Fwp%2Fv2%2Fproduct_tag&post=467"}],"curies":[{"name":"wp","href":"https:\/\/api.w.org\/{rel}","templated":true}]}}