{"id":433,"date":"2025-01-31T15:29:04","date_gmt":"2025-01-31T15:29:04","guid":{"rendered":"https:\/\/dev.kinequip.ca\/?post_type=product&#038;p=433"},"modified":"2025-01-31T15:29:17","modified_gmt":"2025-01-31T15:29:17","slug":"hip-adduction-select-hammer-strength","status":"publish","type":"product","link":"https:\/\/kinequip.ca\/?product=hip-adduction-select-hammer-strength","title":{"rendered":"Hip Adduction Select Hammer Strength"},"content":{"rendered":"<p>Le Hip Adduction Select Hammer Strength est une partie fondamentale dans la progression de l&rsquo;entra\u00eenement musculaire. La position de d\u00e9part ajustable permet un acc\u00e8s facile, tandis que l&#8217;empilement mont\u00e9 \u00e0 l&rsquo;avant permet de s&rsquo;entra\u00eener en toute discr\u00e9tion. Les 22\u00a0pi\u00e8ces de la gamme Hammer Strength Select offrent une introduction attrayante \u00e0 l&rsquo;\u00e9quipement Hammer Strength.<\/p>\n","protected":false},"excerpt":{"rendered":"<p>Le Hip Adduction Select Hammer Strength est une partie fondamentale dans la progression de l&rsquo;entra\u00eenement musculaire. La position de d\u00e9part ajustable permet un acc\u00e8s facile, tandis que l&#8217;empilement mont\u00e9 \u00e0 l&rsquo;avant permet de s&rsquo;entra\u00eener en toute discr\u00e9tion. Les 22\u00a0pi\u00e8ces de la gamme Hammer Strength Select offrent une introduction attrayante \u00e0 l&rsquo;\u00e9quipement Hammer Strength.<\/p>\n","protected":false},"featured_media":461,"comment_status":"open","ping_status":"closed","template":"","meta":[],"product_brand":[],"product_cat":[34,51,46],"product_tag":[],"class_list":{"0":"post-433","1":"product","2":"type-product","3":"status-publish","4":"has-post-thumbnail","6":"product_cat-equipements-pour-professionnel","7":"product_cat-hammer-select","8":"product_cat-hammer-strength-equipements-pour-professionnel","10":"first","11":"instock","12":"shipping-taxable","13":"purchasable","14":"product-type-simple"},"_links":{"self":[{"href":"https:\/\/kinequip.ca\/index.php?rest_route=\/wp\/v2\/product\/433","targetHints":{"allow":["GET"]}}],"collection":[{"href":"https:\/\/kinequip.ca\/index.php?rest_route=\/wp\/v2\/product"}],"about":[{"href":"https:\/\/kinequip.ca\/index.php?rest_route=\/wp\/v2\/types\/product"}],"replies":[{"embeddable":true,"href":"https:\/\/kinequip.ca\/index.php?rest_route=%2Fwp%2Fv2%2Fcomments&post=433"}],"wp:featuredmedia":[{"embeddable":true,"href":"https:\/\/kinequip.ca\/index.php?rest_route=\/wp\/v2\/media\/461"}],"wp:attachment":[{"href":"https:\/\/kinequip.ca\/index.php?rest_route=%2Fwp%2Fv2%2Fmedia&parent=433"}],"wp:term":[{"taxonomy":"product_brand","embeddable":true,"href":"https:\/\/kinequip.ca\/index.php?rest_route=%2Fwp%2Fv2%2Fproduct_brand&post=433"},{"taxonomy":"product_cat","embeddable":true,"href":"https:\/\/kinequip.ca\/index.php?rest_route=%2Fwp%2Fv2%2Fproduct_cat&post=433"},{"taxonomy":"product_tag","embeddable":true,"href":"https:\/\/kinequip.ca\/index.php?rest_route=%2Fwp%2Fv2%2Fproduct_tag&post=433"}],"curies":[{"name":"wp","href":"https:\/\/api.w.org\/{rel}","templated":true}]}}