{"id":431,"date":"2025-01-31T15:29:04","date_gmt":"2025-01-31T15:29:04","guid":{"rendered":"https:\/\/dev.kinequip.ca\/?post_type=product&#038;p=431"},"modified":"2025-01-31T15:29:16","modified_gmt":"2025-01-31T15:29:16","slug":"adjustable-bench-serie-optima","status":"publish","type":"product","link":"https:\/\/kinequip.ca\/?product=adjustable-bench-serie-optima","title":{"rendered":"Adjustable Bench S\u00e9rie Optima"},"content":{"rendered":"<p>L&rsquo;Adjustable Bench S\u00e9rie Optima se r\u00e8gle de six fa\u00e7ons, notamment plat, inclin\u00e9 et vertical, pour offrir diff\u00e9rents exercices aux utilisateurs qui utilisent des poids libres.<\/p>\n","protected":false},"excerpt":{"rendered":"<p>L&rsquo;Adjustable Bench S\u00e9rie Optima se r\u00e8gle de six fa\u00e7ons, notamment plat, inclin\u00e9 et vertical, pour offrir diff\u00e9rents exercices aux utilisateurs qui utilisent des poids libres.<\/p>\n","protected":false},"featured_media":459,"comment_status":"open","ping_status":"closed","template":"","meta":[],"product_brand":[],"product_cat":[48,34,52,53],"product_tag":[],"class_list":{"0":"post-431","1":"product","2":"type-product","3":"status-publish","4":"has-post-thumbnail","6":"product_cat-bancs-support","7":"product_cat-equipements-pour-professionnel","8":"product_cat-life-fitness-musculaires","9":"product_cat-optima","11":"first","12":"instock","13":"shipping-taxable","14":"purchasable","15":"product-type-simple"},"_links":{"self":[{"href":"https:\/\/kinequip.ca\/index.php?rest_route=\/wp\/v2\/product\/431","targetHints":{"allow":["GET"]}}],"collection":[{"href":"https:\/\/kinequip.ca\/index.php?rest_route=\/wp\/v2\/product"}],"about":[{"href":"https:\/\/kinequip.ca\/index.php?rest_route=\/wp\/v2\/types\/product"}],"replies":[{"embeddable":true,"href":"https:\/\/kinequip.ca\/index.php?rest_route=%2Fwp%2Fv2%2Fcomments&post=431"}],"wp:featuredmedia":[{"embeddable":true,"href":"https:\/\/kinequip.ca\/index.php?rest_route=\/wp\/v2\/media\/459"}],"wp:attachment":[{"href":"https:\/\/kinequip.ca\/index.php?rest_route=%2Fwp%2Fv2%2Fmedia&parent=431"}],"wp:term":[{"taxonomy":"product_brand","embeddable":true,"href":"https:\/\/kinequip.ca\/index.php?rest_route=%2Fwp%2Fv2%2Fproduct_brand&post=431"},{"taxonomy":"product_cat","embeddable":true,"href":"https:\/\/kinequip.ca\/index.php?rest_route=%2Fwp%2Fv2%2Fproduct_cat&post=431"},{"taxonomy":"product_tag","embeddable":true,"href":"https:\/\/kinequip.ca\/index.php?rest_route=%2Fwp%2Fv2%2Fproduct_tag&post=431"}],"curies":[{"name":"wp","href":"https:\/\/api.w.org\/{rel}","templated":true}]}}