{"id":429,"date":"2025-01-31T15:29:04","date_gmt":"2025-01-31T15:29:04","guid":{"rendered":"https:\/\/dev.kinequip.ca\/?post_type=product&#038;p=429"},"modified":"2025-01-31T15:29:15","modified_gmt":"2025-01-31T15:29:15","slug":"flexibility-trainer-serie-optima","status":"publish","type":"product","link":"https:\/\/kinequip.ca\/?product=flexibility-trainer-serie-optima","title":{"rendered":"Flexibility Trainer S\u00e9rie Optima"},"content":{"rendered":"<p>Principales caract\u00e9ristiques\u00a0:<\/p>\n<ul>\n<li>Cadre la position du corps lors du stretching<\/li>\n<li>Utilise la gravit\u00e9 pour \u00e9tirer tous les principaux groupes musculaires tout en proposant une conception des plus compactes<\/li>\n<li>Un syst\u00e8me de pivot offre \u00e0 l&rsquo;utilisateur un plus vaste choix de mouvements, quel que soit son type de morphologie ou son niveau de souplesse<\/li>\n<li>Une grande affiche expose les instructions d&rsquo;\u00e9tirement \u00e0 l&rsquo;attention de l&rsquo;utilisateur<\/li>\n<li>Les roulettes facilitent le transport<\/li>\n<\/ul>\n","protected":false},"excerpt":{"rendered":"<p>Principales caract\u00e9ristiques\u00a0: Cadre la position du corps lors du stretching Utilise la gravit\u00e9 pour \u00e9tirer tous les principaux groupes musculaires tout en proposant une conception des plus compactes Un syst\u00e8me de pivot offre \u00e0 l&rsquo;utilisateur un plus vaste choix de mouvements, quel que soit son type de morphologie ou son niveau de souplesse Une grande [&hellip;]<\/p>\n","protected":false},"featured_media":457,"comment_status":"open","ping_status":"closed","template":"","meta":[],"product_brand":[],"product_cat":[48,34,52,53],"product_tag":[],"class_list":{"0":"post-429","1":"product","2":"type-product","3":"status-publish","4":"has-post-thumbnail","6":"product_cat-bancs-support","7":"product_cat-equipements-pour-professionnel","8":"product_cat-life-fitness-musculaires","9":"product_cat-optima","11":"first","12":"instock","13":"shipping-taxable","14":"purchasable","15":"product-type-simple"},"_links":{"self":[{"href":"https:\/\/kinequip.ca\/index.php?rest_route=\/wp\/v2\/product\/429","targetHints":{"allow":["GET"]}}],"collection":[{"href":"https:\/\/kinequip.ca\/index.php?rest_route=\/wp\/v2\/product"}],"about":[{"href":"https:\/\/kinequip.ca\/index.php?rest_route=\/wp\/v2\/types\/product"}],"replies":[{"embeddable":true,"href":"https:\/\/kinequip.ca\/index.php?rest_route=%2Fwp%2Fv2%2Fcomments&post=429"}],"wp:featuredmedia":[{"embeddable":true,"href":"https:\/\/kinequip.ca\/index.php?rest_route=\/wp\/v2\/media\/457"}],"wp:attachment":[{"href":"https:\/\/kinequip.ca\/index.php?rest_route=%2Fwp%2Fv2%2Fmedia&parent=429"}],"wp:term":[{"taxonomy":"product_brand","embeddable":true,"href":"https:\/\/kinequip.ca\/index.php?rest_route=%2Fwp%2Fv2%2Fproduct_brand&post=429"},{"taxonomy":"product_cat","embeddable":true,"href":"https:\/\/kinequip.ca\/index.php?rest_route=%2Fwp%2Fv2%2Fproduct_cat&post=429"},{"taxonomy":"product_tag","embeddable":true,"href":"https:\/\/kinequip.ca\/index.php?rest_route=%2Fwp%2Fv2%2Fproduct_tag&post=429"}],"curies":[{"name":"wp","href":"https:\/\/api.w.org\/{rel}","templated":true}]}}