{"id":427,"date":"2025-01-31T15:29:04","date_gmt":"2025-01-31T15:29:04","guid":{"rendered":"https:\/\/dev.kinequip.ca\/?post_type=product&#038;p=427"},"modified":"2025-01-31T15:29:15","modified_gmt":"2025-01-31T15:29:15","slug":"dip-leg-raise-serie-optima","status":"publish","type":"product","link":"https:\/\/kinequip.ca\/?product=dip-leg-raise-serie-optima","title":{"rendered":"Dip\/Leg Raise S\u00e9rie Optima"},"content":{"rendered":"<p>Principales caract\u00e9ristiques\u00a0:<\/p>\n<ul>\n<li>Offre un positionnement stable pour les lev\u00e9s de genoux en suspension et les dips<\/li>\n<li>La position est inclin\u00e9e \u00e0 10\u00b0 et les repose-coudes en angle droit s\u00e9curisent la position de l&rsquo;utilisateur<\/li>\n<li>Acc\u00e8s simplifi\u00e9 \u00e0 l&rsquo;\u00e9quipement<\/li>\n<\/ul>\n","protected":false},"excerpt":{"rendered":"<p>Principales caract\u00e9ristiques\u00a0: Offre un positionnement stable pour les lev\u00e9s de genoux en suspension et les dips La position est inclin\u00e9e \u00e0 10\u00b0 et les repose-coudes en angle droit s\u00e9curisent la position de l&rsquo;utilisateur Acc\u00e8s simplifi\u00e9 \u00e0 l&rsquo;\u00e9quipement<\/p>\n","protected":false},"featured_media":455,"comment_status":"open","ping_status":"closed","template":"","meta":[],"product_brand":[],"product_cat":[48,34,52,53],"product_tag":[],"class_list":{"0":"post-427","1":"product","2":"type-product","3":"status-publish","4":"has-post-thumbnail","6":"product_cat-bancs-support","7":"product_cat-equipements-pour-professionnel","8":"product_cat-life-fitness-musculaires","9":"product_cat-optima","11":"first","12":"instock","13":"shipping-taxable","14":"purchasable","15":"product-type-simple"},"_links":{"self":[{"href":"https:\/\/kinequip.ca\/index.php?rest_route=\/wp\/v2\/product\/427","targetHints":{"allow":["GET"]}}],"collection":[{"href":"https:\/\/kinequip.ca\/index.php?rest_route=\/wp\/v2\/product"}],"about":[{"href":"https:\/\/kinequip.ca\/index.php?rest_route=\/wp\/v2\/types\/product"}],"replies":[{"embeddable":true,"href":"https:\/\/kinequip.ca\/index.php?rest_route=%2Fwp%2Fv2%2Fcomments&post=427"}],"wp:featuredmedia":[{"embeddable":true,"href":"https:\/\/kinequip.ca\/index.php?rest_route=\/wp\/v2\/media\/455"}],"wp:attachment":[{"href":"https:\/\/kinequip.ca\/index.php?rest_route=%2Fwp%2Fv2%2Fmedia&parent=427"}],"wp:term":[{"taxonomy":"product_brand","embeddable":true,"href":"https:\/\/kinequip.ca\/index.php?rest_route=%2Fwp%2Fv2%2Fproduct_brand&post=427"},{"taxonomy":"product_cat","embeddable":true,"href":"https:\/\/kinequip.ca\/index.php?rest_route=%2Fwp%2Fv2%2Fproduct_cat&post=427"},{"taxonomy":"product_tag","embeddable":true,"href":"https:\/\/kinequip.ca\/index.php?rest_route=%2Fwp%2Fv2%2Fproduct_tag&post=427"}],"curies":[{"name":"wp","href":"https:\/\/api.w.org\/{rel}","templated":true}]}}