{"id":421,"date":"2025-01-31T15:29:03","date_gmt":"2025-01-31T15:29:03","guid":{"rendered":"https:\/\/dev.kinequip.ca\/?post_type=product&#038;p=421"},"modified":"2025-01-31T15:29:13","modified_gmt":"2025-01-31T15:29:13","slug":"biceps-curl-select-hammer-strength","status":"publish","type":"product","link":"https:\/\/kinequip.ca\/?product=biceps-curl-select-hammer-strength","title":{"rendered":"Biceps Curl Select Hammer Strength"},"content":{"rendered":"<p>Le Biceps Curl Select Hammer Strength joue un r\u00f4le fondamental dans la progression de l&rsquo;entra\u00eenement musculaire. Les repose-bras obliques favorisent la stabilit\u00e9 et les mouvements d&rsquo;\u00e9paules non souhait\u00e9s. Les pivots et poign\u00e9s sont positionn\u00e9s pour r\u00e9duire la charge sur les poignets et am\u00e9liorer l&rsquo;alignement. Les 22\u00a0pi\u00e8ces de la gamme Hammer Strength Select offrent une introduction attrayante \u00e0 l&rsquo;\u00e9quipement Hammer Strength.<\/p>\n","protected":false},"excerpt":{"rendered":"<p>Le Biceps Curl Select Hammer Strength joue un r\u00f4le fondamental dans la progression de l&rsquo;entra\u00eenement musculaire. Les repose-bras obliques favorisent la stabilit\u00e9 et les mouvements d&rsquo;\u00e9paules non souhait\u00e9s. Les pivots et poign\u00e9s sont positionn\u00e9s pour r\u00e9duire la charge sur les poignets et am\u00e9liorer l&rsquo;alignement. Les 22\u00a0pi\u00e8ces de la gamme Hammer Strength Select offrent une introduction [&hellip;]<\/p>\n","protected":false},"featured_media":450,"comment_status":"open","ping_status":"closed","template":"","meta":[],"product_brand":[],"product_cat":[34,51,46],"product_tag":[],"class_list":{"0":"post-421","1":"product","2":"type-product","3":"status-publish","4":"has-post-thumbnail","6":"product_cat-equipements-pour-professionnel","7":"product_cat-hammer-select","8":"product_cat-hammer-strength-equipements-pour-professionnel","10":"first","11":"instock","12":"shipping-taxable","13":"purchasable","14":"product-type-simple"},"_links":{"self":[{"href":"https:\/\/kinequip.ca\/index.php?rest_route=\/wp\/v2\/product\/421","targetHints":{"allow":["GET"]}}],"collection":[{"href":"https:\/\/kinequip.ca\/index.php?rest_route=\/wp\/v2\/product"}],"about":[{"href":"https:\/\/kinequip.ca\/index.php?rest_route=\/wp\/v2\/types\/product"}],"replies":[{"embeddable":true,"href":"https:\/\/kinequip.ca\/index.php?rest_route=%2Fwp%2Fv2%2Fcomments&post=421"}],"wp:featuredmedia":[{"embeddable":true,"href":"https:\/\/kinequip.ca\/index.php?rest_route=\/wp\/v2\/media\/450"}],"wp:attachment":[{"href":"https:\/\/kinequip.ca\/index.php?rest_route=%2Fwp%2Fv2%2Fmedia&parent=421"}],"wp:term":[{"taxonomy":"product_brand","embeddable":true,"href":"https:\/\/kinequip.ca\/index.php?rest_route=%2Fwp%2Fv2%2Fproduct_brand&post=421"},{"taxonomy":"product_cat","embeddable":true,"href":"https:\/\/kinequip.ca\/index.php?rest_route=%2Fwp%2Fv2%2Fproduct_cat&post=421"},{"taxonomy":"product_tag","embeddable":true,"href":"https:\/\/kinequip.ca\/index.php?rest_route=%2Fwp%2Fv2%2Fproduct_tag&post=421"}],"curies":[{"name":"wp","href":"https:\/\/api.w.org\/{rel}","templated":true}]}}