{"id":419,"date":"2025-01-31T15:29:03","date_gmt":"2025-01-31T15:29:03","guid":{"rendered":"https:\/\/dev.kinequip.ca\/?post_type=product&#038;p=419"},"modified":"2025-01-31T15:29:13","modified_gmt":"2025-01-31T15:29:13","slug":"double-poulie-ajustable-optim-series","status":"publish","type":"product","link":"https:\/\/kinequip.ca\/?product=double-poulie-ajustable-optim-series","title":{"rendered":"Double poulie ajustable Optim Series"},"content":{"rendered":"<p>Cette machine multi-exercices offre des options de musculation presque illimit\u00e9es. La double poulie ajustable Optima\u2122 Series est une pi\u00e8ce ma\u00eetresse pour les entra\u00eenements individuels, les entra\u00eenements personnels et l&rsquo;entra\u00eenement en petit groupe.<\/p>\n<p>La conception agr\u00e9able avec des colonnes de poids positionn\u00e9es au centre offre une sensation d&rsquo;ouverture et un encombrement r\u00e9duit pour optimiser le pr\u00e9cieux espace en salle.<\/p>\n<p>La Double poulie ajustable Optima\u2122 Series est \u00e9quip\u00e9e d&rsquo;une barre de traction ergonomique avec plusieurs positions de prise et 229\u00a0cm (90&Prime;) de c\u00e2ble permettant une large gamme de mouvements d\u00e9finis manuellement par l&rsquo;utilisateur et de possibilit\u00e9s de musculation.<\/p>\n<p>La double poulie ajustable Optima\u2122 Series comprend\u00a0: une paire de longues poign\u00e9es ajustables, une sangle pour les chevilles et une corde \u00e0 triceps.<\/p>\n","protected":false},"excerpt":{"rendered":"<p>Cette machine multi-exercices offre des options de musculation presque illimit\u00e9es. La double poulie ajustable Optima\u2122 Series est une pi\u00e8ce ma\u00eetresse pour les entra\u00eenements individuels, les entra\u00eenements personnels et l&rsquo;entra\u00eenement en petit groupe. La conception agr\u00e9able avec des colonnes de poids positionn\u00e9es au centre offre une sensation d&rsquo;ouverture et un encombrement r\u00e9duit pour optimiser le pr\u00e9cieux [&hellip;]<\/p>\n","protected":false},"featured_media":448,"comment_status":"open","ping_status":"closed","template":"","meta":[],"product_brand":[],"product_cat":[34,52,53],"product_tag":[],"class_list":{"0":"post-419","1":"product","2":"type-product","3":"status-publish","4":"has-post-thumbnail","6":"product_cat-equipements-pour-professionnel","7":"product_cat-life-fitness-musculaires","8":"product_cat-optima","10":"first","11":"instock","12":"shipping-taxable","13":"purchasable","14":"product-type-simple"},"_links":{"self":[{"href":"https:\/\/kinequip.ca\/index.php?rest_route=\/wp\/v2\/product\/419","targetHints":{"allow":["GET"]}}],"collection":[{"href":"https:\/\/kinequip.ca\/index.php?rest_route=\/wp\/v2\/product"}],"about":[{"href":"https:\/\/kinequip.ca\/index.php?rest_route=\/wp\/v2\/types\/product"}],"replies":[{"embeddable":true,"href":"https:\/\/kinequip.ca\/index.php?rest_route=%2Fwp%2Fv2%2Fcomments&post=419"}],"wp:featuredmedia":[{"embeddable":true,"href":"https:\/\/kinequip.ca\/index.php?rest_route=\/wp\/v2\/media\/448"}],"wp:attachment":[{"href":"https:\/\/kinequip.ca\/index.php?rest_route=%2Fwp%2Fv2%2Fmedia&parent=419"}],"wp:term":[{"taxonomy":"product_brand","embeddable":true,"href":"https:\/\/kinequip.ca\/index.php?rest_route=%2Fwp%2Fv2%2Fproduct_brand&post=419"},{"taxonomy":"product_cat","embeddable":true,"href":"https:\/\/kinequip.ca\/index.php?rest_route=%2Fwp%2Fv2%2Fproduct_cat&post=419"},{"taxonomy":"product_tag","embeddable":true,"href":"https:\/\/kinequip.ca\/index.php?rest_route=%2Fwp%2Fv2%2Fproduct_tag&post=419"}],"curies":[{"name":"wp","href":"https:\/\/api.w.org\/{rel}","templated":true}]}}