{"id":418,"date":"2025-01-31T15:29:03","date_gmt":"2025-01-31T15:29:03","guid":{"rendered":"https:\/\/dev.kinequip.ca\/?post_type=product&#038;p=418"},"modified":"2025-01-31T15:29:12","modified_gmt":"2025-01-31T15:29:12","slug":"lat-pulldown-select-hammer-strength","status":"publish","type":"product","link":"https:\/\/kinequip.ca\/?product=lat-pulldown-select-hammer-strength","title":{"rendered":"Lat Pulldown Select Hammer Strength"},"content":{"rendered":"<p>Le Lat Pulldown Select Hammer Strength joue un r\u00f4le fondamental dans la progression de l&rsquo;entra\u00eenement musculaire. Les coussinets pour les cuisses s&rsquo;ajustent facilement pour offrir stabilit\u00e9 et confort, tandis que la barre droite poss\u00e8de des extr\u00e9mit\u00e9s inclin\u00e9es pour assurer un bon positionnement des bras et des poignets pendant les exercices. Les 22\u00a0pi\u00e8ces de la gamme Hammer Strength Select offrent une introduction attrayante \u00e0 l&rsquo;\u00e9quipement Hammer Strength.<\/p>\n","protected":false},"excerpt":{"rendered":"<p>Le Lat Pulldown Select Hammer Strength joue un r\u00f4le fondamental dans la progression de l&rsquo;entra\u00eenement musculaire. Les coussinets pour les cuisses s&rsquo;ajustent facilement pour offrir stabilit\u00e9 et confort, tandis que la barre droite poss\u00e8de des extr\u00e9mit\u00e9s inclin\u00e9es pour assurer un bon positionnement des bras et des poignets pendant les exercices. Les 22\u00a0pi\u00e8ces de la gamme [&hellip;]<\/p>\n","protected":false},"featured_media":447,"comment_status":"open","ping_status":"closed","template":"","meta":[],"product_brand":[],"product_cat":[34,51,46],"product_tag":[],"class_list":{"0":"post-418","1":"product","2":"type-product","3":"status-publish","4":"has-post-thumbnail","6":"product_cat-equipements-pour-professionnel","7":"product_cat-hammer-select","8":"product_cat-hammer-strength-equipements-pour-professionnel","10":"first","11":"instock","12":"shipping-taxable","13":"purchasable","14":"product-type-simple"},"_links":{"self":[{"href":"https:\/\/kinequip.ca\/index.php?rest_route=\/wp\/v2\/product\/418","targetHints":{"allow":["GET"]}}],"collection":[{"href":"https:\/\/kinequip.ca\/index.php?rest_route=\/wp\/v2\/product"}],"about":[{"href":"https:\/\/kinequip.ca\/index.php?rest_route=\/wp\/v2\/types\/product"}],"replies":[{"embeddable":true,"href":"https:\/\/kinequip.ca\/index.php?rest_route=%2Fwp%2Fv2%2Fcomments&post=418"}],"wp:featuredmedia":[{"embeddable":true,"href":"https:\/\/kinequip.ca\/index.php?rest_route=\/wp\/v2\/media\/447"}],"wp:attachment":[{"href":"https:\/\/kinequip.ca\/index.php?rest_route=%2Fwp%2Fv2%2Fmedia&parent=418"}],"wp:term":[{"taxonomy":"product_brand","embeddable":true,"href":"https:\/\/kinequip.ca\/index.php?rest_route=%2Fwp%2Fv2%2Fproduct_brand&post=418"},{"taxonomy":"product_cat","embeddable":true,"href":"https:\/\/kinequip.ca\/index.php?rest_route=%2Fwp%2Fv2%2Fproduct_cat&post=418"},{"taxonomy":"product_tag","embeddable":true,"href":"https:\/\/kinequip.ca\/index.php?rest_route=%2Fwp%2Fv2%2Fproduct_tag&post=418"}],"curies":[{"name":"wp","href":"https:\/\/api.w.org\/{rel}","templated":true}]}}