{"id":413,"date":"2025-01-31T15:29:02","date_gmt":"2025-01-31T15:29:02","guid":{"rendered":"https:\/\/dev.kinequip.ca\/?post_type=product&#038;p=413"},"modified":"2025-01-31T15:29:11","modified_gmt":"2025-01-31T15:29:11","slug":"pectoral-fly-rear-deltoid-select-hammer-strength","status":"publish","type":"product","link":"https:\/\/kinequip.ca\/?product=pectoral-fly-rear-deltoid-select-hammer-strength","title":{"rendered":"PECTORAL FLY\/REAR DELTOID SELECT HAMMER STRENGTH"},"content":{"rendered":"<p>Le Pectoral Fly\/Rear Deltoid Select Hammer Strength joue un r\u00f4le fondamental dans la progression de l&rsquo;entra\u00eenement musculaire. Il int\u00e8gre deux exercices diff\u00e9rents, tout en offrant des bras pivotants et un placement optimis\u00e9e des poign\u00e9es pour \u00e9liminer tout r\u00e9glage entre les exercices. Les 22\u00a0pi\u00e8ces de la gamme Hammer Strength Select offrent une introduction attrayante \u00e0 l&rsquo;\u00e9quipement Hammer Strength.<\/p>\n","protected":false},"excerpt":{"rendered":"<p>Le Pectoral Fly\/Rear Deltoid Select Hammer Strength joue un r\u00f4le fondamental dans la progression de l&rsquo;entra\u00eenement musculaire. Il int\u00e8gre deux exercices diff\u00e9rents, tout en offrant des bras pivotants et un placement optimis\u00e9e des poign\u00e9es pour \u00e9liminer tout r\u00e9glage entre les exercices. Les 22\u00a0pi\u00e8ces de la gamme Hammer Strength Select offrent une introduction attrayante \u00e0 l&rsquo;\u00e9quipement [&hellip;]<\/p>\n","protected":false},"featured_media":442,"comment_status":"open","ping_status":"closed","template":"","meta":[],"product_brand":[],"product_cat":[34,51,46],"product_tag":[],"class_list":{"0":"post-413","1":"product","2":"type-product","3":"status-publish","4":"has-post-thumbnail","6":"product_cat-equipements-pour-professionnel","7":"product_cat-hammer-select","8":"product_cat-hammer-strength-equipements-pour-professionnel","10":"first","11":"instock","12":"shipping-taxable","13":"purchasable","14":"product-type-simple"},"_links":{"self":[{"href":"https:\/\/kinequip.ca\/index.php?rest_route=\/wp\/v2\/product\/413","targetHints":{"allow":["GET"]}}],"collection":[{"href":"https:\/\/kinequip.ca\/index.php?rest_route=\/wp\/v2\/product"}],"about":[{"href":"https:\/\/kinequip.ca\/index.php?rest_route=\/wp\/v2\/types\/product"}],"replies":[{"embeddable":true,"href":"https:\/\/kinequip.ca\/index.php?rest_route=%2Fwp%2Fv2%2Fcomments&post=413"}],"wp:featuredmedia":[{"embeddable":true,"href":"https:\/\/kinequip.ca\/index.php?rest_route=\/wp\/v2\/media\/442"}],"wp:attachment":[{"href":"https:\/\/kinequip.ca\/index.php?rest_route=%2Fwp%2Fv2%2Fmedia&parent=413"}],"wp:term":[{"taxonomy":"product_brand","embeddable":true,"href":"https:\/\/kinequip.ca\/index.php?rest_route=%2Fwp%2Fv2%2Fproduct_brand&post=413"},{"taxonomy":"product_cat","embeddable":true,"href":"https:\/\/kinequip.ca\/index.php?rest_route=%2Fwp%2Fv2%2Fproduct_cat&post=413"},{"taxonomy":"product_tag","embeddable":true,"href":"https:\/\/kinequip.ca\/index.php?rest_route=%2Fwp%2Fv2%2Fproduct_tag&post=413"}],"curies":[{"name":"wp","href":"https:\/\/api.w.org\/{rel}","templated":true}]}}