{"id":409,"date":"2025-01-31T15:29:02","date_gmt":"2025-01-31T15:29:02","guid":{"rendered":"https:\/\/dev.kinequip.ca\/?post_type=product&#038;p=409"},"modified":"2025-01-31T15:29:09","modified_gmt":"2025-01-31T15:29:09","slug":"flexstrider","status":"publish","type":"product","link":"https:\/\/kinequip.ca\/?product=flexstrider","title":{"rendered":"Flexstrider"},"content":{"rendered":"<p>UNE BIOM\u00c9CANIQUE AJUST\u00c9E<br \/>\nLe mouvement elliptique reproduit la foul\u00e9e<br \/>\nde course naturelle pour un entra\u00eenement<br \/>\nde l&rsquo;ensemble du corps en toute fluidit\u00e9. Les<br \/>\nutilisateurs peuvent trouver leur longueur de<br \/>\nfoul\u00e9e maximum parfaite, entre 0 et 91 cm,<br \/>\net la modifier \u00e0 la vol\u00e9e.<\/p>\n","protected":false},"excerpt":{"rendered":"<p>UNE BIOM\u00c9CANIQUE AJUST\u00c9E Le mouvement elliptique reproduit la foul\u00e9e de course naturelle pour un entra\u00eenement de l&rsquo;ensemble du corps en toute fluidit\u00e9. Les utilisateurs peuvent trouver leur longueur de foul\u00e9e maximum parfaite, entre 0 et 91 cm, et la modifier \u00e0 la vol\u00e9e.<\/p>\n","protected":false},"featured_media":438,"comment_status":"open","ping_status":"closed","template":"","meta":[],"product_brand":[],"product_cat":[37,34,35],"product_tag":[],"class_list":{"0":"post-409","1":"product","2":"type-product","3":"status-publish","4":"has-post-thumbnail","6":"product_cat-elliptiques-life-fitness-cardio","7":"product_cat-equipements-pour-professionnel","8":"product_cat-life-fitness-cardio","10":"first","11":"instock","12":"shipping-taxable","13":"purchasable","14":"product-type-simple"},"_links":{"self":[{"href":"https:\/\/kinequip.ca\/index.php?rest_route=\/wp\/v2\/product\/409","targetHints":{"allow":["GET"]}}],"collection":[{"href":"https:\/\/kinequip.ca\/index.php?rest_route=\/wp\/v2\/product"}],"about":[{"href":"https:\/\/kinequip.ca\/index.php?rest_route=\/wp\/v2\/types\/product"}],"replies":[{"embeddable":true,"href":"https:\/\/kinequip.ca\/index.php?rest_route=%2Fwp%2Fv2%2Fcomments&post=409"}],"wp:featuredmedia":[{"embeddable":true,"href":"https:\/\/kinequip.ca\/index.php?rest_route=\/wp\/v2\/media\/438"}],"wp:attachment":[{"href":"https:\/\/kinequip.ca\/index.php?rest_route=%2Fwp%2Fv2%2Fmedia&parent=409"}],"wp:term":[{"taxonomy":"product_brand","embeddable":true,"href":"https:\/\/kinequip.ca\/index.php?rest_route=%2Fwp%2Fv2%2Fproduct_brand&post=409"},{"taxonomy":"product_cat","embeddable":true,"href":"https:\/\/kinequip.ca\/index.php?rest_route=%2Fwp%2Fv2%2Fproduct_cat&post=409"},{"taxonomy":"product_tag","embeddable":true,"href":"https:\/\/kinequip.ca\/index.php?rest_route=%2Fwp%2Fv2%2Fproduct_tag&post=409"}],"curies":[{"name":"wp","href":"https:\/\/api.w.org\/{rel}","templated":true}]}}