{"id":407,"date":"2025-01-31T15:29:02","date_gmt":"2025-01-31T15:29:02","guid":{"rendered":"https:\/\/dev.kinequip.ca\/?post_type=product&#038;p=407"},"modified":"2025-01-31T15:29:07","modified_gmt":"2025-01-31T15:29:07","slug":"arc-trainer-lower-body","status":"publish","type":"product","link":"https:\/\/kinequip.ca\/?product=arc-trainer-lower-body","title":{"rendered":"Arc Trainer Lower Body"},"content":{"rendered":"<p>\u00c9quipement cardio efficace et polyvalent<br \/>\nL\u2019Arc Trainer de Life Fitness est un elliptique qui propose une nouvelle<br \/>\nalternative d\u2019entra\u00eenement dont les utilisateurs ne peuvent plus se<br \/>\npasser. Il permet un entra\u00eenement sans impact adapt\u00e9 \u00e0 un tr\u00e8s large<br \/>\n\u00e9ventail d\u2019utilisateurs tels que les personnes en cours de r\u00e9\u00e9ducation, les<br \/>\nutilisateurs sans grande condition physique et les sportifs professionnels.<br \/>\nAvec une puissance sup\u00e9rieure \u00e0 1 200 watts, l\u2019Arc Trainer peut aussi<br \/>\nservir aux exercices de musculation et de puissance et n\u2019est donc pas<br \/>\nlimit\u00e9 aux entra\u00eenements cardio. Tous ces exercices sont pratiqu\u00e9s avec<br \/>\nune tension sur les genoux inf\u00e9rieure \u00e0 celle ressentie lors d\u2019une marche.<\/p>\n","protected":false},"excerpt":{"rendered":"<p>\u00c9quipement cardio efficace et polyvalent L\u2019Arc Trainer de Life Fitness est un elliptique qui propose une nouvelle alternative d\u2019entra\u00eenement dont les utilisateurs ne peuvent plus se passer. Il permet un entra\u00eenement sans impact adapt\u00e9 \u00e0 un tr\u00e8s large \u00e9ventail d\u2019utilisateurs tels que les personnes en cours de r\u00e9\u00e9ducation, les utilisateurs sans grande condition physique et [&hellip;]<\/p>\n","protected":false},"featured_media":437,"comment_status":"open","ping_status":"closed","template":"","meta":[],"product_brand":[],"product_cat":[37,34,35],"product_tag":[],"class_list":{"0":"post-407","1":"product","2":"type-product","3":"status-publish","4":"has-post-thumbnail","6":"product_cat-elliptiques-life-fitness-cardio","7":"product_cat-equipements-pour-professionnel","8":"product_cat-life-fitness-cardio","10":"first","11":"instock","12":"shipping-taxable","13":"purchasable","14":"product-type-simple"},"_links":{"self":[{"href":"https:\/\/kinequip.ca\/index.php?rest_route=\/wp\/v2\/product\/407","targetHints":{"allow":["GET"]}}],"collection":[{"href":"https:\/\/kinequip.ca\/index.php?rest_route=\/wp\/v2\/product"}],"about":[{"href":"https:\/\/kinequip.ca\/index.php?rest_route=\/wp\/v2\/types\/product"}],"replies":[{"embeddable":true,"href":"https:\/\/kinequip.ca\/index.php?rest_route=%2Fwp%2Fv2%2Fcomments&post=407"}],"wp:featuredmedia":[{"embeddable":true,"href":"https:\/\/kinequip.ca\/index.php?rest_route=\/wp\/v2\/media\/437"}],"wp:attachment":[{"href":"https:\/\/kinequip.ca\/index.php?rest_route=%2Fwp%2Fv2%2Fmedia&parent=407"}],"wp:term":[{"taxonomy":"product_brand","embeddable":true,"href":"https:\/\/kinequip.ca\/index.php?rest_route=%2Fwp%2Fv2%2Fproduct_brand&post=407"},{"taxonomy":"product_cat","embeddable":true,"href":"https:\/\/kinequip.ca\/index.php?rest_route=%2Fwp%2Fv2%2Fproduct_cat&post=407"},{"taxonomy":"product_tag","embeddable":true,"href":"https:\/\/kinequip.ca\/index.php?rest_route=%2Fwp%2Fv2%2Fproduct_tag&post=407"}],"curies":[{"name":"wp","href":"https:\/\/api.w.org\/{rel}","templated":true}]}}