{"id":374,"date":"2025-01-31T15:28:55","date_gmt":"2025-01-31T15:28:55","guid":{"rendered":"https:\/\/dev.kinequip.ca\/?post_type=product&#038;p=374"},"modified":"2025-01-31T15:29:01","modified_gmt":"2025-01-31T15:29:01","slug":"consoles-discover-se3-hd","status":"publish","type":"product","link":"https:\/\/kinequip.ca\/?product=consoles-discover-se3-hd","title":{"rendered":"Consoles Discover SE3 HD"},"content":{"rendered":"<p>&nbsp;<\/p>\n<div class=\"page\" title=\"Page 1\">\n<div class=\"section\">\n<div class=\"layoutArea\">\n<div class=\"column\">\n<p>La conception de la console Discover SE3 HD s&rsquo;appuie sur les informations fournies par les sites et utilisateurs \u00e0 propos des \u00e9l\u00e9ments qui offrent une exp\u00e9rience toujours captivante.<br \/>\nL&rsquo;interaction intuitive, les configurations attrayantes et l&rsquo;accueil d&rsquo;autres avanc\u00e9es num\u00e9riques, comme des services de diffusion vid\u00e9o int\u00e9gr\u00e9s, cr\u00e9ent de l&rsquo;engagement pour tous les utilisateurs.<\/p>\n<\/div>\n<\/div>\n<\/div>\n<\/div>\n<p>&nbsp;<\/p>\n<p>&nbsp;<\/p>\n","protected":false},"excerpt":{"rendered":"<p>&nbsp; La conception de la console Discover SE3 HD s&rsquo;appuie sur les informations fournies par les sites et utilisateurs \u00e0 propos des \u00e9l\u00e9ments qui offrent une exp\u00e9rience toujours captivante. L&rsquo;interaction intuitive, les configurations attrayantes et l&rsquo;accueil d&rsquo;autres avanc\u00e9es num\u00e9riques, comme des services de diffusion vid\u00e9o int\u00e9gr\u00e9s, cr\u00e9ent de l&rsquo;engagement pour tous les utilisateurs. &nbsp; &nbsp;<\/p>\n","protected":false},"featured_media":404,"comment_status":"open","ping_status":"closed","template":"","meta":[],"product_brand":[],"product_cat":[27,50,34],"product_tag":[],"class_list":{"0":"post-374","1":"product","2":"type-product","3":"status-publish","4":"has-post-thumbnail","6":"product_cat-cardio","7":"product_cat-digital","8":"product_cat-equipements-pour-professionnel","10":"first","11":"instock","12":"shipping-taxable","13":"purchasable","14":"product-type-simple"},"_links":{"self":[{"href":"https:\/\/kinequip.ca\/index.php?rest_route=\/wp\/v2\/product\/374","targetHints":{"allow":["GET"]}}],"collection":[{"href":"https:\/\/kinequip.ca\/index.php?rest_route=\/wp\/v2\/product"}],"about":[{"href":"https:\/\/kinequip.ca\/index.php?rest_route=\/wp\/v2\/types\/product"}],"replies":[{"embeddable":true,"href":"https:\/\/kinequip.ca\/index.php?rest_route=%2Fwp%2Fv2%2Fcomments&post=374"}],"wp:featuredmedia":[{"embeddable":true,"href":"https:\/\/kinequip.ca\/index.php?rest_route=\/wp\/v2\/media\/404"}],"wp:attachment":[{"href":"https:\/\/kinequip.ca\/index.php?rest_route=%2Fwp%2Fv2%2Fmedia&parent=374"}],"wp:term":[{"taxonomy":"product_brand","embeddable":true,"href":"https:\/\/kinequip.ca\/index.php?rest_route=%2Fwp%2Fv2%2Fproduct_brand&post=374"},{"taxonomy":"product_cat","embeddable":true,"href":"https:\/\/kinequip.ca\/index.php?rest_route=%2Fwp%2Fv2%2Fproduct_cat&post=374"},{"taxonomy":"product_tag","embeddable":true,"href":"https:\/\/kinequip.ca\/index.php?rest_route=%2Fwp%2Fv2%2Fproduct_tag&post=374"}],"curies":[{"name":"wp","href":"https:\/\/api.w.org\/{rel}","templated":true}]}}