{"id":373,"date":"2025-01-31T15:28:55","date_gmt":"2025-01-31T15:28:55","guid":{"rendered":"https:\/\/dev.kinequip.ca\/?post_type=product&#038;p=373"},"modified":"2025-01-31T15:29:00","modified_gmt":"2025-01-31T15:29:00","slug":"disques-en-plastique-standard","status":"publish","type":"product","link":"https:\/\/kinequip.ca\/?product=disques-en-plastique-standard","title":{"rendered":"DISQUES EN PLASTIQUE STANDARD"},"content":{"rendered":"<p>La qualit\u00e9 \u00e0 bon prix\u00a0: ces disques sont faits \u00e0 partir d&rsquo;acier inoxydable, press\u00e9 et dilat\u00e9, afin de r\u00e9sister \u00e0 l&rsquo;usure lorsqu&rsquo;ils sont charg\u00e9s et d\u00e9charg\u00e9s des barres olympiques.<\/p>\n","protected":false},"excerpt":{"rendered":"<p>La qualit\u00e9 \u00e0 bon prix\u00a0: ces disques sont faits \u00e0 partir d&rsquo;acier inoxydable, press\u00e9 et dilat\u00e9, afin de r\u00e9sister \u00e0 l&rsquo;usure lorsqu&rsquo;ils sont charg\u00e9s et d\u00e9charg\u00e9s des barres olympiques.<\/p>\n","protected":false},"featured_media":403,"comment_status":"open","ping_status":"closed","template":"","meta":[],"product_brand":[],"product_cat":[49,34],"product_tag":[],"class_list":{"0":"post-373","1":"product","2":"type-product","3":"status-publish","4":"has-post-thumbnail","6":"product_cat-accessoires","7":"product_cat-equipements-pour-professionnel","9":"first","10":"instock","11":"shipping-taxable","12":"purchasable","13":"product-type-simple"},"_links":{"self":[{"href":"https:\/\/kinequip.ca\/index.php?rest_route=\/wp\/v2\/product\/373","targetHints":{"allow":["GET"]}}],"collection":[{"href":"https:\/\/kinequip.ca\/index.php?rest_route=\/wp\/v2\/product"}],"about":[{"href":"https:\/\/kinequip.ca\/index.php?rest_route=\/wp\/v2\/types\/product"}],"replies":[{"embeddable":true,"href":"https:\/\/kinequip.ca\/index.php?rest_route=%2Fwp%2Fv2%2Fcomments&post=373"}],"wp:featuredmedia":[{"embeddable":true,"href":"https:\/\/kinequip.ca\/index.php?rest_route=\/wp\/v2\/media\/403"}],"wp:attachment":[{"href":"https:\/\/kinequip.ca\/index.php?rest_route=%2Fwp%2Fv2%2Fmedia&parent=373"}],"wp:term":[{"taxonomy":"product_brand","embeddable":true,"href":"https:\/\/kinequip.ca\/index.php?rest_route=%2Fwp%2Fv2%2Fproduct_brand&post=373"},{"taxonomy":"product_cat","embeddable":true,"href":"https:\/\/kinequip.ca\/index.php?rest_route=%2Fwp%2Fv2%2Fproduct_cat&post=373"},{"taxonomy":"product_tag","embeddable":true,"href":"https:\/\/kinequip.ca\/index.php?rest_route=%2Fwp%2Fv2%2Fproduct_tag&post=373"}],"curies":[{"name":"wp","href":"https:\/\/api.w.org\/{rel}","templated":true}]}}