{"id":372,"date":"2025-01-31T15:28:55","date_gmt":"2025-01-31T15:28:55","guid":{"rendered":"https:\/\/dev.kinequip.ca\/?post_type=product&#038;p=372"},"modified":"2025-01-31T15:29:00","modified_gmt":"2025-01-31T15:29:00","slug":"sac-et-gants-de-frappe","status":"publish","type":"product","link":"https:\/\/kinequip.ca\/?product=sac-et-gants-de-frappe","title":{"rendered":"SAC ET GANTS DE FRAPPE"},"content":{"rendered":"<p>Transformez votre entra\u00eenement gr\u00e2ce au sac et aux gants de frappe Life\u00a0Fitness. Le sac est constitu\u00e9 de trois parties remplies de sable et d&rsquo;un rev\u00eatement solide en Corovin. Le rembourrage unique permet au sac de conserver une structure intacte, contrairement aux sacs classiques qui se d\u00e9forment. Les gants sont compos\u00e9s d&rsquo;une mousse pr\u00e9form\u00e9e absorbant les chocs. Le sac et les gants de frappe sont tous deux parfaits pour les entra\u00eenements en petit groupe ou avec un syst\u00e8me SYNERGY.<\/p>\n","protected":false},"excerpt":{"rendered":"<p>Transformez votre entra\u00eenement gr\u00e2ce au sac et aux gants de frappe Life\u00a0Fitness. Le sac est constitu\u00e9 de trois parties remplies de sable et d&rsquo;un rev\u00eatement solide en Corovin. Le rembourrage unique permet au sac de conserver une structure intacte, contrairement aux sacs classiques qui se d\u00e9forment. Les gants sont compos\u00e9s d&rsquo;une mousse pr\u00e9form\u00e9e absorbant les chocs. Le sac et les gants de frappe sont tous deux parfaits pour les entra\u00eenements en petit groupe ou avec un syst\u00e8me SYNERGY.<\/p>\n","protected":false},"featured_media":402,"comment_status":"open","ping_status":"closed","template":"","meta":[],"product_brand":[],"product_cat":[49,34],"product_tag":[],"class_list":{"0":"post-372","1":"product","2":"type-product","3":"status-publish","4":"has-post-thumbnail","6":"product_cat-accessoires","7":"product_cat-equipements-pour-professionnel","9":"first","10":"instock","11":"shipping-taxable","12":"purchasable","13":"product-type-simple"},"_links":{"self":[{"href":"https:\/\/kinequip.ca\/index.php?rest_route=\/wp\/v2\/product\/372","targetHints":{"allow":["GET"]}}],"collection":[{"href":"https:\/\/kinequip.ca\/index.php?rest_route=\/wp\/v2\/product"}],"about":[{"href":"https:\/\/kinequip.ca\/index.php?rest_route=\/wp\/v2\/types\/product"}],"replies":[{"embeddable":true,"href":"https:\/\/kinequip.ca\/index.php?rest_route=%2Fwp%2Fv2%2Fcomments&post=372"}],"wp:featuredmedia":[{"embeddable":true,"href":"https:\/\/kinequip.ca\/index.php?rest_route=\/wp\/v2\/media\/402"}],"wp:attachment":[{"href":"https:\/\/kinequip.ca\/index.php?rest_route=%2Fwp%2Fv2%2Fmedia&parent=372"}],"wp:term":[{"taxonomy":"product_brand","embeddable":true,"href":"https:\/\/kinequip.ca\/index.php?rest_route=%2Fwp%2Fv2%2Fproduct_brand&post=372"},{"taxonomy":"product_cat","embeddable":true,"href":"https:\/\/kinequip.ca\/index.php?rest_route=%2Fwp%2Fv2%2Fproduct_cat&post=372"},{"taxonomy":"product_tag","embeddable":true,"href":"https:\/\/kinequip.ca\/index.php?rest_route=%2Fwp%2Fv2%2Fproduct_tag&post=372"}],"curies":[{"name":"wp","href":"https:\/\/api.w.org\/{rel}","templated":true}]}}