{"id":371,"date":"2025-01-31T15:28:55","date_gmt":"2025-01-31T15:28:55","guid":{"rendered":"https:\/\/dev.kinequip.ca\/?post_type=product&#038;p=371"},"modified":"2025-01-31T15:29:00","modified_gmt":"2025-01-31T15:29:00","slug":"halteres","status":"publish","type":"product","link":"https:\/\/kinequip.ca\/?product=halteres","title":{"rendered":"HALT\u00c8RES"},"content":{"rendered":"<p>Les halt\u00e8res Hammer Strength sont indispensables dans un espace de musculation coh\u00e9rent qui stimule la performance. Ils sont robustes, durables et con\u00e7us pour \u00eatre fonctionnels.<\/p>\n","protected":false},"excerpt":{"rendered":"<p>Les halt\u00e8res Hammer Strength sont indispensables dans un espace de musculation coh\u00e9rent qui stimule la performance. Ils sont robustes, durables et con\u00e7us pour \u00eatre fonctionnels.<\/p>\n","protected":false},"featured_media":401,"comment_status":"open","ping_status":"closed","template":"","meta":[],"product_brand":[],"product_cat":[49,34],"product_tag":[],"class_list":{"0":"post-371","1":"product","2":"type-product","3":"status-publish","4":"has-post-thumbnail","6":"product_cat-accessoires","7":"product_cat-equipements-pour-professionnel","9":"first","10":"instock","11":"shipping-taxable","12":"purchasable","13":"product-type-simple"},"_links":{"self":[{"href":"https:\/\/kinequip.ca\/index.php?rest_route=\/wp\/v2\/product\/371","targetHints":{"allow":["GET"]}}],"collection":[{"href":"https:\/\/kinequip.ca\/index.php?rest_route=\/wp\/v2\/product"}],"about":[{"href":"https:\/\/kinequip.ca\/index.php?rest_route=\/wp\/v2\/types\/product"}],"replies":[{"embeddable":true,"href":"https:\/\/kinequip.ca\/index.php?rest_route=%2Fwp%2Fv2%2Fcomments&post=371"}],"wp:featuredmedia":[{"embeddable":true,"href":"https:\/\/kinequip.ca\/index.php?rest_route=\/wp\/v2\/media\/401"}],"wp:attachment":[{"href":"https:\/\/kinequip.ca\/index.php?rest_route=%2Fwp%2Fv2%2Fmedia&parent=371"}],"wp:term":[{"taxonomy":"product_brand","embeddable":true,"href":"https:\/\/kinequip.ca\/index.php?rest_route=%2Fwp%2Fv2%2Fproduct_brand&post=371"},{"taxonomy":"product_cat","embeddable":true,"href":"https:\/\/kinequip.ca\/index.php?rest_route=%2Fwp%2Fv2%2Fproduct_cat&post=371"},{"taxonomy":"product_tag","embeddable":true,"href":"https:\/\/kinequip.ca\/index.php?rest_route=%2Fwp%2Fv2%2Fproduct_tag&post=371"}],"curies":[{"name":"wp","href":"https:\/\/api.w.org\/{rel}","templated":true}]}}