{"id":368,"date":"2025-01-31T15:28:54","date_gmt":"2025-01-31T15:28:54","guid":{"rendered":"https:\/\/dev.kinequip.ca\/?post_type=product&#038;p=368"},"modified":"2025-01-31T15:28:59","modified_gmt":"2025-01-31T15:28:59","slug":"echelles","status":"publish","type":"product","link":"https:\/\/kinequip.ca\/?product=echelles","title":{"rendered":"\u00c9CHELLES"},"content":{"rendered":"<p>L&rsquo;\u00e9chelle de rythme aide \u00e0 am\u00e9liorer l&rsquo;agilit\u00e9, le jeu de jambes et la coordination. Gr\u00e2ce \u00e0 ses barreaux en nylon, elle est mobile et facile \u00e0 utiliser. Elle permet aussi de travailler le positionnement en s&rsquo;int\u00e9grant facilement \u00e0 d&rsquo;autres entra\u00eenements progressifs.<\/p>\n","protected":false},"excerpt":{"rendered":"<p>L&rsquo;\u00e9chelle de rythme aide \u00e0 am\u00e9liorer l&rsquo;agilit\u00e9, le jeu de jambes et la coordination. Gr\u00e2ce \u00e0 ses barreaux en nylon, elle est mobile et facile \u00e0 utiliser. Elle permet aussi de travailler le positionnement en s&rsquo;int\u00e9grant facilement \u00e0 d&rsquo;autres entra\u00eenements progressifs.<\/p>\n","protected":false},"featured_media":398,"comment_status":"open","ping_status":"closed","template":"","meta":[],"product_brand":[],"product_cat":[49,34],"product_tag":[],"class_list":{"0":"post-368","1":"product","2":"type-product","3":"status-publish","4":"has-post-thumbnail","6":"product_cat-accessoires","7":"product_cat-equipements-pour-professionnel","9":"first","10":"instock","11":"shipping-taxable","12":"purchasable","13":"product-type-simple"},"_links":{"self":[{"href":"https:\/\/kinequip.ca\/index.php?rest_route=\/wp\/v2\/product\/368","targetHints":{"allow":["GET"]}}],"collection":[{"href":"https:\/\/kinequip.ca\/index.php?rest_route=\/wp\/v2\/product"}],"about":[{"href":"https:\/\/kinequip.ca\/index.php?rest_route=\/wp\/v2\/types\/product"}],"replies":[{"embeddable":true,"href":"https:\/\/kinequip.ca\/index.php?rest_route=%2Fwp%2Fv2%2Fcomments&post=368"}],"wp:featuredmedia":[{"embeddable":true,"href":"https:\/\/kinequip.ca\/index.php?rest_route=\/wp\/v2\/media\/398"}],"wp:attachment":[{"href":"https:\/\/kinequip.ca\/index.php?rest_route=%2Fwp%2Fv2%2Fmedia&parent=368"}],"wp:term":[{"taxonomy":"product_brand","embeddable":true,"href":"https:\/\/kinequip.ca\/index.php?rest_route=%2Fwp%2Fv2%2Fproduct_brand&post=368"},{"taxonomy":"product_cat","embeddable":true,"href":"https:\/\/kinequip.ca\/index.php?rest_route=%2Fwp%2Fv2%2Fproduct_cat&post=368"},{"taxonomy":"product_tag","embeddable":true,"href":"https:\/\/kinequip.ca\/index.php?rest_route=%2Fwp%2Fv2%2Fproduct_tag&post=368"}],"curies":[{"name":"wp","href":"https:\/\/api.w.org\/{rel}","templated":true}]}}