{"id":366,"date":"2025-01-31T15:28:54","date_gmt":"2025-01-31T15:28:54","guid":{"rendered":"https:\/\/dev.kinequip.ca\/?post_type=product&#038;p=366"},"modified":"2025-01-31T15:28:59","modified_gmt":"2025-01-31T15:28:59","slug":"rouleaux-en-mousse","status":"publish","type":"product","link":"https:\/\/kinequip.ca\/?product=rouleaux-en-mousse","title":{"rendered":"ROULEAUX EN MOUSSE"},"content":{"rendered":"<p>Les rouleaux en mousse Life\u00a0Fitness sont propos\u00e9s en diff\u00e9rentes taille, densit\u00e9s et textures. Choisissez le rouleau qui convient \u00e0 vos besoins pour la d\u00e9tente musculaire. Les rouleaux sont faits de mat\u00e9riaux de premi\u00e8re qualit\u00e9, suffisamment r\u00e9sistants pour conserver leur forme et permettre un massage en profondeur uniforme au fil du temps<\/p>\n","protected":false},"excerpt":{"rendered":"<p>Les rouleaux en mousse Life\u00a0Fitness sont propos\u00e9s en diff\u00e9rentes taille, densit\u00e9s et textures. Choisissez le rouleau qui convient \u00e0 vos besoins pour la d\u00e9tente musculaire. Les rouleaux sont faits de mat\u00e9riaux de premi\u00e8re qualit\u00e9, suffisamment r\u00e9sistants pour conserver leur forme et permettre un massage en profondeur uniforme au fil du temps<\/p>\n","protected":false},"featured_media":396,"comment_status":"open","ping_status":"closed","template":"","meta":[],"product_brand":[],"product_cat":[49,34],"product_tag":[],"class_list":{"0":"post-366","1":"product","2":"type-product","3":"status-publish","4":"has-post-thumbnail","6":"product_cat-accessoires","7":"product_cat-equipements-pour-professionnel","9":"first","10":"instock","11":"shipping-taxable","12":"purchasable","13":"product-type-simple"},"_links":{"self":[{"href":"https:\/\/kinequip.ca\/index.php?rest_route=\/wp\/v2\/product\/366","targetHints":{"allow":["GET"]}}],"collection":[{"href":"https:\/\/kinequip.ca\/index.php?rest_route=\/wp\/v2\/product"}],"about":[{"href":"https:\/\/kinequip.ca\/index.php?rest_route=\/wp\/v2\/types\/product"}],"replies":[{"embeddable":true,"href":"https:\/\/kinequip.ca\/index.php?rest_route=%2Fwp%2Fv2%2Fcomments&post=366"}],"wp:featuredmedia":[{"embeddable":true,"href":"https:\/\/kinequip.ca\/index.php?rest_route=\/wp\/v2\/media\/396"}],"wp:attachment":[{"href":"https:\/\/kinequip.ca\/index.php?rest_route=%2Fwp%2Fv2%2Fmedia&parent=366"}],"wp:term":[{"taxonomy":"product_brand","embeddable":true,"href":"https:\/\/kinequip.ca\/index.php?rest_route=%2Fwp%2Fv2%2Fproduct_brand&post=366"},{"taxonomy":"product_cat","embeddable":true,"href":"https:\/\/kinequip.ca\/index.php?rest_route=%2Fwp%2Fv2%2Fproduct_cat&post=366"},{"taxonomy":"product_tag","embeddable":true,"href":"https:\/\/kinequip.ca\/index.php?rest_route=%2Fwp%2Fv2%2Fproduct_tag&post=366"}],"curies":[{"name":"wp","href":"https:\/\/api.w.org\/{rel}","templated":true}]}}