{"id":362,"date":"2025-01-31T15:28:54","date_gmt":"2025-01-31T15:28:54","guid":{"rendered":"https:\/\/dev.kinequip.ca\/?post_type=product&#038;p=362"},"modified":"2025-01-31T15:28:58","modified_gmt":"2025-01-31T15:28:58","slug":"plyo-box-hammer-strength","status":"publish","type":"product","link":"https:\/\/kinequip.ca\/?product=plyo-box-hammer-strength","title":{"rendered":"PLYO BOX HAMMER STRENGTH"},"content":{"rendered":"<p>Les plyo box de Hammer\u00a0Strength sont suffisamment r\u00e9sistantes pour supporter le poids de n&rsquo;importe quel sportif. Les mat\u00e9riaux, les formes travaill\u00e9es et les textures des plyo\u00a0box garantissent des entra\u00eenement efficaces et s\u00fbrs \u00e0 chaque s\u00e9ance.<\/p>\n","protected":false},"excerpt":{"rendered":"<p>Les plyo box de Hammer\u00a0Strength sont suffisamment r\u00e9sistantes pour supporter le poids de n&rsquo;importe quel sportif. Les mat\u00e9riaux, les formes travaill\u00e9es et les textures des plyo\u00a0box garantissent des entra\u00eenement efficaces et s\u00fbrs \u00e0 chaque s\u00e9ance.<\/p>\n","protected":false},"featured_media":392,"comment_status":"open","ping_status":"closed","template":"","meta":[],"product_brand":[],"product_cat":[49,34],"product_tag":[],"class_list":{"0":"post-362","1":"product","2":"type-product","3":"status-publish","4":"has-post-thumbnail","6":"product_cat-accessoires","7":"product_cat-equipements-pour-professionnel","9":"first","10":"instock","11":"shipping-taxable","12":"purchasable","13":"product-type-simple"},"_links":{"self":[{"href":"https:\/\/kinequip.ca\/index.php?rest_route=\/wp\/v2\/product\/362","targetHints":{"allow":["GET"]}}],"collection":[{"href":"https:\/\/kinequip.ca\/index.php?rest_route=\/wp\/v2\/product"}],"about":[{"href":"https:\/\/kinequip.ca\/index.php?rest_route=\/wp\/v2\/types\/product"}],"replies":[{"embeddable":true,"href":"https:\/\/kinequip.ca\/index.php?rest_route=%2Fwp%2Fv2%2Fcomments&post=362"}],"wp:featuredmedia":[{"embeddable":true,"href":"https:\/\/kinequip.ca\/index.php?rest_route=\/wp\/v2\/media\/392"}],"wp:attachment":[{"href":"https:\/\/kinequip.ca\/index.php?rest_route=%2Fwp%2Fv2%2Fmedia&parent=362"}],"wp:term":[{"taxonomy":"product_brand","embeddable":true,"href":"https:\/\/kinequip.ca\/index.php?rest_route=%2Fwp%2Fv2%2Fproduct_brand&post=362"},{"taxonomy":"product_cat","embeddable":true,"href":"https:\/\/kinequip.ca\/index.php?rest_route=%2Fwp%2Fv2%2Fproduct_cat&post=362"},{"taxonomy":"product_tag","embeddable":true,"href":"https:\/\/kinequip.ca\/index.php?rest_route=%2Fwp%2Fv2%2Fproduct_tag&post=362"}],"curies":[{"name":"wp","href":"https:\/\/api.w.org\/{rel}","templated":true}]}}