{"id":361,"date":"2025-01-31T15:28:54","date_gmt":"2025-01-31T15:28:54","guid":{"rendered":"https:\/\/dev.kinequip.ca\/?post_type=product&#038;p=361"},"modified":"2025-01-31T15:28:58","modified_gmt":"2025-01-31T15:28:58","slug":"pneus-life-fitness","status":"publish","type":"product","link":"https:\/\/kinequip.ca\/?product=pneus-life-fitness","title":{"rendered":"PNEUS LIFE FITNESS"},"content":{"rendered":"<p>Les pneus Life\u00a0Fitness sont une version plus abordable et moins intimidante des gros pneus en caoutchouc utilis\u00e9s dans les comp\u00e9titions de musculation. Le vaste choix de tailles et de poids fait des pneus Life\u00a0Fitness un outil d&rsquo;entra\u00eenement de musculation, d&rsquo;endurance et de puissance destin\u00e9 aux sportifs d\u00e9butants ou aguerris.<\/p>\n","protected":false},"excerpt":{"rendered":"<p>Les pneus Life\u00a0Fitness sont une version plus abordable et moins intimidante des gros pneus en caoutchouc utilis\u00e9s dans les comp\u00e9titions de musculation. Le vaste choix de tailles et de poids fait des pneus Life\u00a0Fitness un outil d&rsquo;entra\u00eenement de musculation, d&rsquo;endurance et de puissance destin\u00e9 aux sportifs d\u00e9butants ou aguerris.<\/p>\n","protected":false},"featured_media":391,"comment_status":"open","ping_status":"closed","template":"","meta":[],"product_brand":[],"product_cat":[49,34],"product_tag":[],"class_list":{"0":"post-361","1":"product","2":"type-product","3":"status-publish","4":"has-post-thumbnail","6":"product_cat-accessoires","7":"product_cat-equipements-pour-professionnel","9":"first","10":"instock","11":"shipping-taxable","12":"purchasable","13":"product-type-simple"},"_links":{"self":[{"href":"https:\/\/kinequip.ca\/index.php?rest_route=\/wp\/v2\/product\/361","targetHints":{"allow":["GET"]}}],"collection":[{"href":"https:\/\/kinequip.ca\/index.php?rest_route=\/wp\/v2\/product"}],"about":[{"href":"https:\/\/kinequip.ca\/index.php?rest_route=\/wp\/v2\/types\/product"}],"replies":[{"embeddable":true,"href":"https:\/\/kinequip.ca\/index.php?rest_route=%2Fwp%2Fv2%2Fcomments&post=361"}],"wp:featuredmedia":[{"embeddable":true,"href":"https:\/\/kinequip.ca\/index.php?rest_route=\/wp\/v2\/media\/391"}],"wp:attachment":[{"href":"https:\/\/kinequip.ca\/index.php?rest_route=%2Fwp%2Fv2%2Fmedia&parent=361"}],"wp:term":[{"taxonomy":"product_brand","embeddable":true,"href":"https:\/\/kinequip.ca\/index.php?rest_route=%2Fwp%2Fv2%2Fproduct_brand&post=361"},{"taxonomy":"product_cat","embeddable":true,"href":"https:\/\/kinequip.ca\/index.php?rest_route=%2Fwp%2Fv2%2Fproduct_cat&post=361"},{"taxonomy":"product_tag","embeddable":true,"href":"https:\/\/kinequip.ca\/index.php?rest_route=%2Fwp%2Fv2%2Fproduct_tag&post=361"}],"curies":[{"name":"wp","href":"https:\/\/api.w.org\/{rel}","templated":true}]}}