{"id":359,"date":"2025-01-31T15:28:53","date_gmt":"2025-01-31T15:28:53","guid":{"rendered":"https:\/\/dev.kinequip.ca\/?post_type=product&#038;p=359"},"modified":"2025-01-31T15:28:57","modified_gmt":"2025-01-31T15:28:57","slug":"slam-balls","status":"publish","type":"product","link":"https:\/\/kinequip.ca\/?product=slam-balls","title":{"rendered":"SLAM BALLS"},"content":{"rendered":"<div class=\"about-this-no-attributes\">\n<div class=\"field field-name-field-about-this-product field-type-text-long field-label-hidden\">\n<div class=\"field-items\">\n<div class=\"field-item even\">\n<p>Les slam balls de Hammer Strength ont \u00e9t\u00e9 con\u00e7ues pour r\u00e9sister aux slams les plus durs des sportifs les plus aguerris. La texture anti-d\u00e9rapante en X permet aux sportifs d&rsquo;ajouter de l&rsquo;intensit\u00e9 \u00e0 leurs slams. Gr\u00e2ce \u00e0 leur rev\u00eatement en caoutchouc robuste renforc\u00e9 de picots, les slam balls sont extr\u00eamement r\u00e9sistantes aux chocs r\u00e9p\u00e9titifs.<\/p>\n<\/div>\n<\/div>\n<\/div>\n<\/div>\n<div class=\"contactarep__wrapper\">\n<div class=\"field field-name-field-product-contactarep field-type-link-field field-label-hidden\">\n<div class=\"field-items\">\n<div class=\"field-item even\"><\/div>\n<\/div>\n<\/div>\n<\/div>\n","protected":false},"excerpt":{"rendered":"<div class=\"about-this-no-attributes\">\n<div class=\"field field-name-field-about-this-product field-type-text-long field-label-hidden\">\n<div class=\"field-items\">\n<div class=\"field-item even\">\n<p>Les slam balls de Hammer Strength ont \u00e9t\u00e9 con\u00e7ues pour r\u00e9sister aux slams les plus durs des sportifs les plus aguerris. La texture anti-d\u00e9rapante en X permet aux sportifs d&rsquo;ajouter de l&rsquo;intensit\u00e9 \u00e0 leurs slams. Gr\u00e2ce \u00e0 leur rev\u00eatement en caoutchouc robuste renforc\u00e9 de picots, les slam balls sont extr\u00eamement r\u00e9sistantes aux chocs r\u00e9p\u00e9titifs.<\/p>\n<\/div>\n<\/div>\n<\/div>\n<\/div>\n<div class=\"contactarep__wrapper\">\n<div class=\"field field-name-field-product-contactarep field-type-link-field field-label-hidden\">\n<div class=\"field-items\">\n<div class=\"field-item even\"><\/div>\n<\/div>\n<\/div>\n<\/div>\n","protected":false},"featured_media":389,"comment_status":"open","ping_status":"closed","template":"","meta":[],"product_brand":[],"product_cat":[49,34],"product_tag":[],"class_list":{"0":"post-359","1":"product","2":"type-product","3":"status-publish","4":"has-post-thumbnail","6":"product_cat-accessoires","7":"product_cat-equipements-pour-professionnel","9":"first","10":"instock","11":"shipping-taxable","12":"purchasable","13":"product-type-simple"},"_links":{"self":[{"href":"https:\/\/kinequip.ca\/index.php?rest_route=\/wp\/v2\/product\/359","targetHints":{"allow":["GET"]}}],"collection":[{"href":"https:\/\/kinequip.ca\/index.php?rest_route=\/wp\/v2\/product"}],"about":[{"href":"https:\/\/kinequip.ca\/index.php?rest_route=\/wp\/v2\/types\/product"}],"replies":[{"embeddable":true,"href":"https:\/\/kinequip.ca\/index.php?rest_route=%2Fwp%2Fv2%2Fcomments&post=359"}],"wp:featuredmedia":[{"embeddable":true,"href":"https:\/\/kinequip.ca\/index.php?rest_route=\/wp\/v2\/media\/389"}],"wp:attachment":[{"href":"https:\/\/kinequip.ca\/index.php?rest_route=%2Fwp%2Fv2%2Fmedia&parent=359"}],"wp:term":[{"taxonomy":"product_brand","embeddable":true,"href":"https:\/\/kinequip.ca\/index.php?rest_route=%2Fwp%2Fv2%2Fproduct_brand&post=359"},{"taxonomy":"product_cat","embeddable":true,"href":"https:\/\/kinequip.ca\/index.php?rest_route=%2Fwp%2Fv2%2Fproduct_cat&post=359"},{"taxonomy":"product_tag","embeddable":true,"href":"https:\/\/kinequip.ca\/index.php?rest_route=%2Fwp%2Fv2%2Fproduct_tag&post=359"}],"curies":[{"name":"wp","href":"https:\/\/api.w.org\/{rel}","templated":true}]}}