{"id":358,"date":"2025-01-31T15:28:53","date_gmt":"2025-01-31T15:28:53","guid":{"rendered":"https:\/\/dev.kinequip.ca\/?post_type=product&#038;p=358"},"modified":"2025-01-31T15:28:57","modified_gmt":"2025-01-31T15:28:57","slug":"slambells","status":"publish","type":"product","link":"https:\/\/kinequip.ca\/?product=slambells","title":{"rendered":"SLAMBELLS"},"content":{"rendered":"<p>Les slambells de Hammer Strength sont la derni\u00e8re nouveaut\u00e9 en mati\u00e8re de fonctionnalit\u00e9. Ils permettent aux sportifs de renforcer leurs entra\u00eenements pour la masse musculaire, l&rsquo;agilit\u00e9, la force de pr\u00e9hension, la coordination motrice, la stabilisation du corps, la stimulation et la puissance en mouvement.<\/p>\n","protected":false},"excerpt":{"rendered":"<p>Les slambells de Hammer Strength sont la derni\u00e8re nouveaut\u00e9 en mati\u00e8re de fonctionnalit\u00e9. Ils permettent aux sportifs de renforcer leurs entra\u00eenements pour la masse musculaire, l&rsquo;agilit\u00e9, la force de pr\u00e9hension, la coordination motrice, la stabilisation du corps, la stimulation et la puissance en mouvement.<\/p>\n","protected":false},"featured_media":388,"comment_status":"open","ping_status":"closed","template":"","meta":[],"product_brand":[],"product_cat":[49,34],"product_tag":[],"class_list":{"0":"post-358","1":"product","2":"type-product","3":"status-publish","4":"has-post-thumbnail","6":"product_cat-accessoires","7":"product_cat-equipements-pour-professionnel","9":"first","10":"instock","11":"shipping-taxable","12":"purchasable","13":"product-type-simple"},"_links":{"self":[{"href":"https:\/\/kinequip.ca\/index.php?rest_route=\/wp\/v2\/product\/358","targetHints":{"allow":["GET"]}}],"collection":[{"href":"https:\/\/kinequip.ca\/index.php?rest_route=\/wp\/v2\/product"}],"about":[{"href":"https:\/\/kinequip.ca\/index.php?rest_route=\/wp\/v2\/types\/product"}],"replies":[{"embeddable":true,"href":"https:\/\/kinequip.ca\/index.php?rest_route=%2Fwp%2Fv2%2Fcomments&post=358"}],"wp:featuredmedia":[{"embeddable":true,"href":"https:\/\/kinequip.ca\/index.php?rest_route=\/wp\/v2\/media\/388"}],"wp:attachment":[{"href":"https:\/\/kinequip.ca\/index.php?rest_route=%2Fwp%2Fv2%2Fmedia&parent=358"}],"wp:term":[{"taxonomy":"product_brand","embeddable":true,"href":"https:\/\/kinequip.ca\/index.php?rest_route=%2Fwp%2Fv2%2Fproduct_brand&post=358"},{"taxonomy":"product_cat","embeddable":true,"href":"https:\/\/kinequip.ca\/index.php?rest_route=%2Fwp%2Fv2%2Fproduct_cat&post=358"},{"taxonomy":"product_tag","embeddable":true,"href":"https:\/\/kinequip.ca\/index.php?rest_route=%2Fwp%2Fv2%2Fproduct_tag&post=358"}],"curies":[{"name":"wp","href":"https:\/\/api.w.org\/{rel}","templated":true}]}}