{"id":357,"date":"2025-01-31T15:28:53","date_gmt":"2025-01-31T15:28:53","guid":{"rendered":"https:\/\/dev.kinequip.ca\/?post_type=product&#038;p=357"},"modified":"2025-01-31T15:28:57","modified_gmt":"2025-01-31T15:28:57","slug":"sacs-dentrainement","status":"publish","type":"product","link":"https:\/\/kinequip.ca\/?product=sacs-dentrainement","title":{"rendered":"SACS D&rsquo;ENTRA\u00ceNEMENT"},"content":{"rendered":"<p>Les sacs d&rsquo;entra\u00eenement Life\u00a0Fitness sont excellents pour les entra\u00eenements sur des appareils de musculation multifonctionnels et de mise en condition physique. Ils sont souvent utilis\u00e9s pour les squats avant, les tirages verticaux, les clean and press, les extensions des triceps, les rotations de buste assis, ainsi que les fentes, les squats et les press dans un circuit fonctionnel. Les sacs d&rsquo;entra\u00eenement disposent de plusieurs poign\u00e9es qui facilitent leur utilisation pour un large \u00e9ventail d&rsquo;entra\u00eenements.<\/p>\n","protected":false},"excerpt":{"rendered":"<p>Les sacs d&rsquo;entra\u00eenement Life\u00a0Fitness sont excellents pour les entra\u00eenements sur des appareils de musculation multifonctionnels et de mise en condition physique. Ils sont souvent utilis\u00e9s pour les squats avant, les tirages verticaux, les clean and press, les extensions des triceps, les rotations de buste assis, ainsi que les fentes, les squats et les press dans un circuit fonctionnel. Les sacs d&rsquo;entra\u00eenement disposent de plusieurs poign\u00e9es qui facilitent leur utilisation pour un large \u00e9ventail d&rsquo;entra\u00eenements.<\/p>\n","protected":false},"featured_media":387,"comment_status":"open","ping_status":"closed","template":"","meta":[],"product_brand":[],"product_cat":[49,34],"product_tag":[],"class_list":{"0":"post-357","1":"product","2":"type-product","3":"status-publish","4":"has-post-thumbnail","6":"product_cat-accessoires","7":"product_cat-equipements-pour-professionnel","9":"first","10":"instock","11":"shipping-taxable","12":"purchasable","13":"product-type-simple"},"_links":{"self":[{"href":"https:\/\/kinequip.ca\/index.php?rest_route=\/wp\/v2\/product\/357","targetHints":{"allow":["GET"]}}],"collection":[{"href":"https:\/\/kinequip.ca\/index.php?rest_route=\/wp\/v2\/product"}],"about":[{"href":"https:\/\/kinequip.ca\/index.php?rest_route=\/wp\/v2\/types\/product"}],"replies":[{"embeddable":true,"href":"https:\/\/kinequip.ca\/index.php?rest_route=%2Fwp%2Fv2%2Fcomments&post=357"}],"wp:featuredmedia":[{"embeddable":true,"href":"https:\/\/kinequip.ca\/index.php?rest_route=\/wp\/v2\/media\/387"}],"wp:attachment":[{"href":"https:\/\/kinequip.ca\/index.php?rest_route=%2Fwp%2Fv2%2Fmedia&parent=357"}],"wp:term":[{"taxonomy":"product_brand","embeddable":true,"href":"https:\/\/kinequip.ca\/index.php?rest_route=%2Fwp%2Fv2%2Fproduct_brand&post=357"},{"taxonomy":"product_cat","embeddable":true,"href":"https:\/\/kinequip.ca\/index.php?rest_route=%2Fwp%2Fv2%2Fproduct_cat&post=357"},{"taxonomy":"product_tag","embeddable":true,"href":"https:\/\/kinequip.ca\/index.php?rest_route=%2Fwp%2Fv2%2Fproduct_tag&post=357"}],"curies":[{"name":"wp","href":"https:\/\/api.w.org\/{rel}","templated":true}]}}